{"id":14203,"date":"2023-08-21T13:09:54","date_gmt":"2023-08-21T11:09:54","guid":{"rendered":"https:\/\/eterle.cz\/eshop\/produkt\/stolni-lampicka-helena-frantova\/"},"modified":"2025-02-16T02:53:32","modified_gmt":"2025-02-16T01:53:32","slug":"stolni-lampicka-helena-frantova","status":"publish","type":"product","link":"https:\/\/eterle.cz\/eshop\/produkt\/stolni-lampicka-helena-frantova\/","title":{"rendered":"Stoln\u00ed lampi\u010dka \/ Helena Frantov\u00e1"},"content":{"rendered":"<p>Stoln\u00ed lampi\u010dka (je mo\u017eno zav\u011bsit ale i na ze\u010f) z 50. let minul\u00e9ho stolet\u00ed p\u0159ezd\u00edvan\u00e1  &#8222;\u010c\u00ed\u0148an&#8220; od um\u011bleckopr\u016fmyslov\u00e9 v\u00fdtvarnice Heleny Frantov\u00e9. Lampi\u010dka se vyr\u00e1b\u011bla a\u017e do 70. let a stala ikonick\u00fdm v\u00fdrobkem modernistick\u00e9ho designu.<\/p>\n<p>Stav: elektroinstalace p\u016fvodn\u00ed, funk\u010dn\u00ed<br \/>\nZna\u010dka: Helena Frankov\u00e1<br \/>\nRozm\u011br<br \/>\nV\u00fd\u0161ka celkov\u00e1: 26 cm<br \/>\n\u0160\u00ed\u0159ka st\u00ednidla: 21 cm<br \/>\nNakl\u00e1p\u011bc\u00ed<\/p>\n","protected":false},"excerpt":{"rendered":"<p>Stoln\u00ed lampi\u010dka (je mo\u017eno zav\u011bsit ale i na ze\u010f) z 50. let minul\u00e9ho stolet\u00ed p\u0159ezd\u00edvan\u00e1 &#8222;\u010c\u00ed\u0148an&#8220; od um\u011bleckopr\u016fmyslov\u00e9 v\u00fdtvarnice Heleny<\/p>\n","protected":false},"featured_media":14204,"template":"","meta":[],"product_brand":[153],"product_cat":[91],"product_tag":[],"class_list":{"0":"post-14203","1":"product","2":"type-product","3":"status-publish","4":"has-post-thumbnail","6":"product_brand-eterle-cz","7":"product_cat-prodane","8":"product_shipping_class-nadrozmerne","10":"first","11":"outofstock","12":"purchasable","13":"product-type-simple"},"_links":{"self":[{"href":"https:\/\/eterle.cz\/eshop\/wp-json\/wp\/v2\/product\/14203","targetHints":{"allow":["GET"]}}],"collection":[{"href":"https:\/\/eterle.cz\/eshop\/wp-json\/wp\/v2\/product"}],"about":[{"href":"https:\/\/eterle.cz\/eshop\/wp-json\/wp\/v2\/types\/product"}],"version-history":[{"count":0,"href":"https:\/\/eterle.cz\/eshop\/wp-json\/wp\/v2\/product\/14203\/revisions"}],"wp:featuredmedia":[{"embeddable":true,"href":"https:\/\/eterle.cz\/eshop\/wp-json\/wp\/v2\/media\/14204"}],"wp:attachment":[{"href":"https:\/\/eterle.cz\/eshop\/wp-json\/wp\/v2\/media?parent=14203"}],"wp:term":[{"taxonomy":"product_brand","embeddable":true,"href":"https:\/\/eterle.cz\/eshop\/wp-json\/wp\/v2\/product_brand?post=14203"},{"taxonomy":"product_cat","embeddable":true,"href":"https:\/\/eterle.cz\/eshop\/wp-json\/wp\/v2\/product_cat?post=14203"},{"taxonomy":"product_tag","embeddable":true,"href":"https:\/\/eterle.cz\/eshop\/wp-json\/wp\/v2\/product_tag?post=14203"}],"curies":[{"name":"wp","href":"https:\/\/api.w.org\/{rel}","templated":true}]}}