{"id":14208,"date":"2023-08-21T13:10:11","date_gmt":"2023-08-21T11:10:11","guid":{"rendered":"https:\/\/eterle.cz\/eshop\/produkt\/stolni-lampicka-napako-2\/"},"modified":"2025-02-16T02:53:32","modified_gmt":"2025-02-16T01:53:32","slug":"stolni-lampicka-napako-2","status":"publish","type":"product","link":"https:\/\/eterle.cz\/eshop\/produkt\/stolni-lampicka-napako-2\/","title":{"rendered":"Stoln\u00ed lampi\u010dka \/ Napako"},"content":{"rendered":"<p>Stoln\u00ed kovov\u00e1 lampi\u010dka zhotoven\u00e1 firmou NAPAKO, typ 85132 dle n\u00e1vrhu Josefa H\u016frky. NAPAKO (n\u00e1stroj\u00e1\u0159i, pas\u00ed\u0159i, kovotla\u010ditel\u00e9) bylo zalo\u017eeno v roce 1919 jako \u00fa\u010delov\u00e9 sdru\u017een\u00ed mal\u00fdch soukrom\u00fdch firem. D\u00edky kvalifikovan\u00e9 a \u0159emesln\u011b zru\u010dn\u00e9 pr\u00e1ci je v obdob\u00ed 1. poloviny 20.stolet\u00ed kvalita a n\u00e1pl\u0148 v\u00fdroby na velmi vysok\u00e9 \u00farovni. Lampi\u010dka poch\u00e1z\u00ed z 70. let minul\u00e9ho stolet\u00ed.<\/p>\n<p>Stav: zachoval\u00fd stav. Elektroinstalace p\u016fvodn\u00ed, funk\u010dn\u00ed.<br \/>\nZna\u010dka: Josef H\u016frka, Napako<br \/>\nRozm\u011br<br \/>\nV\u00fd\u0161ka celkov\u00e1: 26 cm<br \/>\n\u0160\u00ed\u0159ka celkov\u00e1: 22 cm<br \/>\n\u0160\u00ed\u0159ka st\u00ednidla: 10 cm<\/p>\n","protected":false},"excerpt":{"rendered":"<p>Stoln\u00ed kovov\u00e1 lampi\u010dka zhotoven\u00e1 firmou NAPAKO, typ 85132 dle n\u00e1vrhu Josefa H\u016frky. NAPAKO (n\u00e1stroj\u00e1\u0159i, pas\u00ed\u0159i, kovotla\u010ditel\u00e9) bylo zalo\u017eeno v roce<\/p>\n","protected":false},"featured_media":14209,"template":"","meta":[],"product_brand":[153],"product_cat":[91],"product_tag":[],"class_list":{"0":"post-14208","1":"product","2":"type-product","3":"status-publish","4":"has-post-thumbnail","6":"product_brand-eterle-cz","7":"product_cat-prodane","8":"product_shipping_class-nadrozmerne","10":"first","11":"outofstock","12":"purchasable","13":"product-type-simple"},"_links":{"self":[{"href":"https:\/\/eterle.cz\/eshop\/wp-json\/wp\/v2\/product\/14208","targetHints":{"allow":["GET"]}}],"collection":[{"href":"https:\/\/eterle.cz\/eshop\/wp-json\/wp\/v2\/product"}],"about":[{"href":"https:\/\/eterle.cz\/eshop\/wp-json\/wp\/v2\/types\/product"}],"version-history":[{"count":0,"href":"https:\/\/eterle.cz\/eshop\/wp-json\/wp\/v2\/product\/14208\/revisions"}],"wp:featuredmedia":[{"embeddable":true,"href":"https:\/\/eterle.cz\/eshop\/wp-json\/wp\/v2\/media\/14209"}],"wp:attachment":[{"href":"https:\/\/eterle.cz\/eshop\/wp-json\/wp\/v2\/media?parent=14208"}],"wp:term":[{"taxonomy":"product_brand","embeddable":true,"href":"https:\/\/eterle.cz\/eshop\/wp-json\/wp\/v2\/product_brand?post=14208"},{"taxonomy":"product_cat","embeddable":true,"href":"https:\/\/eterle.cz\/eshop\/wp-json\/wp\/v2\/product_cat?post=14208"},{"taxonomy":"product_tag","embeddable":true,"href":"https:\/\/eterle.cz\/eshop\/wp-json\/wp\/v2\/product_tag?post=14208"}],"curies":[{"name":"wp","href":"https:\/\/api.w.org\/{rel}","templated":true}]}}