{"id":14213,"date":"2023-08-21T13:10:23","date_gmt":"2023-08-21T11:10:23","guid":{"rendered":"https:\/\/eterle.cz\/eshop\/produkt\/stolni-lampicka-4\/"},"modified":"2026-01-15T09:12:22","modified_gmt":"2026-01-15T08:12:22","slug":"stolni-lampicka-4","status":"publish","type":"product","link":"https:\/\/eterle.cz\/eshop\/produkt\/stolni-lampicka-4\/","title":{"rendered":"Stoln\u00ed lampi\u010dka"},"content":{"rendered":"<p>Elegantn\u00ed stoln\u00ed lampi\u010dka evokuj\u00edc\u00ed italskou Vespu, ale poch\u00e1z\u00ed z \u010ceskoslovenska ze 70. let minul\u00e9ho stolet\u00ed. Hus\u00ed krk umo\u017e\u0148uje variabilitu naklon\u011bn\u00ed sv\u011btla. Kr\u00e1sn\u00e1 bude jak na psac\u00edm stole, tak na v lo\u017enici u postele.<\/p>\n<p>Stav: elektroinstalace p\u016fvodn\u00ed, funk\u010dn\u00ed<br \/>\nRozm\u011br<br \/>\nV\u00fd\u0161ka zvednut\u00e1: 38 cm<br \/>\n\u0160\u00ed\u0159ka podstavce: 14,5 cm<br \/>\n\u0160\u00ed\u0159ka st\u00ednidla: 10 cm<br \/>\nSt\u00ednidlo se d\u00e1 nakl\u00e1p\u011bt (nahoru\/dol\u016f)<\/p>\n","protected":false},"excerpt":{"rendered":"<p>Elegantn\u00ed stoln\u00ed lampi\u010dka evokuj\u00edc\u00ed italskou Vespu, ale poch\u00e1z\u00ed z \u010ceskoslovenska ze 70. let minul\u00e9ho stolet\u00ed. Hus\u00ed krk umo\u017e\u0148uje variabilitu naklon\u011bn\u00ed<\/p>\n","protected":false},"featured_media":14214,"template":"","meta":[],"product_brand":[153],"product_cat":[91],"product_tag":[],"class_list":{"0":"post-14213","1":"product","2":"type-product","3":"status-publish","4":"has-post-thumbnail","6":"product_brand-eterle-cz","7":"product_cat-prodane","8":"product_shipping_class-nadrozmerne","10":"first","11":"outofstock","12":"purchasable","13":"product-type-simple"},"_links":{"self":[{"href":"https:\/\/eterle.cz\/eshop\/wp-json\/wp\/v2\/product\/14213","targetHints":{"allow":["GET"]}}],"collection":[{"href":"https:\/\/eterle.cz\/eshop\/wp-json\/wp\/v2\/product"}],"about":[{"href":"https:\/\/eterle.cz\/eshop\/wp-json\/wp\/v2\/types\/product"}],"version-history":[{"count":1,"href":"https:\/\/eterle.cz\/eshop\/wp-json\/wp\/v2\/product\/14213\/revisions"}],"predecessor-version":[{"id":26138,"href":"https:\/\/eterle.cz\/eshop\/wp-json\/wp\/v2\/product\/14213\/revisions\/26138"}],"wp:featuredmedia":[{"embeddable":true,"href":"https:\/\/eterle.cz\/eshop\/wp-json\/wp\/v2\/media\/14214"}],"wp:attachment":[{"href":"https:\/\/eterle.cz\/eshop\/wp-json\/wp\/v2\/media?parent=14213"}],"wp:term":[{"taxonomy":"product_brand","embeddable":true,"href":"https:\/\/eterle.cz\/eshop\/wp-json\/wp\/v2\/product_brand?post=14213"},{"taxonomy":"product_cat","embeddable":true,"href":"https:\/\/eterle.cz\/eshop\/wp-json\/wp\/v2\/product_cat?post=14213"},{"taxonomy":"product_tag","embeddable":true,"href":"https:\/\/eterle.cz\/eshop\/wp-json\/wp\/v2\/product_tag?post=14213"}],"curies":[{"name":"wp","href":"https:\/\/api.w.org\/{rel}","templated":true}]}}