{"id":14224,"date":"2023-08-21T13:10:47","date_gmt":"2023-08-21T11:10:47","guid":{"rendered":"https:\/\/eterle.cz\/eshop\/produkt\/lampa-raketa-c-1706-josef-hurka\/"},"modified":"2025-02-16T02:53:31","modified_gmt":"2025-02-16T01:53:31","slug":"lampa-raketa-c-1706-josef-hurka","status":"publish","type":"product","link":"https:\/\/eterle.cz\/eshop\/produkt\/lampa-raketa-c-1706-josef-hurka\/","title":{"rendered":"Lampa Raketa \u010d. 1706\/ Josef H\u016frka"},"content":{"rendered":"<p>Stojat\u00e1 lampa tzv. Raketa podle n\u00e1vrhu Josefa H\u016frky pro Napako pochaz\u00ed z 60. let minul\u00e9ho stolet\u00ed. Josef H\u016frka je pova\u017eov\u00e1n za nejaktivn\u011bj\u0161\u00edho konstrukt\u00e9ra pov\u00e1le\u010dn\u00e9ho \u010ceskoslovenska. Ve sv\u00fdch n\u00e1vrz\u00edch sv\u00edtidel up\u0159ednost\u0148oval zejm\u00e9na jednoduch\u00e9 funk\u010dn\u00ed tvary a zd\u016fraz\u0148oval esteti\u010dnost a funk\u010dnost.<\/p>\n<p>Lampa m\u00e1 kovovou konstrukci kombinovanou se s\u00edt\u00ed z tahokovu tvo\u0159\u00edc\u00ed st\u00ednidlo. Z vnit\u0159n\u00ed strany s\u00edt\u011b je vlo\u017eena \u017elut\u00e1 folie.<\/p>\n<p>Stav: p\u016fvodn\u00ed zachoval\u00fd, drobn\u00e1 patina, nem\u00e1 nohy. Nov\u00e1 elektroinstalace<br \/>\nZna\u010dka: Josef H\u016frka, Napako<br \/>\nRozm\u011br<br \/>\nV\u00fd\u0161ka: 62.5 cm<br \/>\n\u0160\u00ed\u0159ka: 15 cm<\/p>\n","protected":false},"excerpt":{"rendered":"<p>Stojat\u00e1 lampa tzv. Raketa podle n\u00e1vrhu Josefa H\u016frky pro Napako pochaz\u00ed z 60. let minul\u00e9ho stolet\u00ed. Josef H\u016frka je pova\u017eov\u00e1n<\/p>\n","protected":false},"featured_media":14225,"template":"","meta":[],"product_brand":[153],"product_cat":[91],"product_tag":[],"class_list":{"0":"post-14224","1":"product","2":"type-product","3":"status-publish","4":"has-post-thumbnail","6":"product_brand-eterle-cz","7":"product_cat-prodane","8":"product_shipping_class-nadrozmerne","10":"first","11":"outofstock","12":"purchasable","13":"product-type-simple"},"_links":{"self":[{"href":"https:\/\/eterle.cz\/eshop\/wp-json\/wp\/v2\/product\/14224","targetHints":{"allow":["GET"]}}],"collection":[{"href":"https:\/\/eterle.cz\/eshop\/wp-json\/wp\/v2\/product"}],"about":[{"href":"https:\/\/eterle.cz\/eshop\/wp-json\/wp\/v2\/types\/product"}],"version-history":[{"count":0,"href":"https:\/\/eterle.cz\/eshop\/wp-json\/wp\/v2\/product\/14224\/revisions"}],"wp:featuredmedia":[{"embeddable":true,"href":"https:\/\/eterle.cz\/eshop\/wp-json\/wp\/v2\/media\/14225"}],"wp:attachment":[{"href":"https:\/\/eterle.cz\/eshop\/wp-json\/wp\/v2\/media?parent=14224"}],"wp:term":[{"taxonomy":"product_brand","embeddable":true,"href":"https:\/\/eterle.cz\/eshop\/wp-json\/wp\/v2\/product_brand?post=14224"},{"taxonomy":"product_cat","embeddable":true,"href":"https:\/\/eterle.cz\/eshop\/wp-json\/wp\/v2\/product_cat?post=14224"},{"taxonomy":"product_tag","embeddable":true,"href":"https:\/\/eterle.cz\/eshop\/wp-json\/wp\/v2\/product_tag?post=14224"}],"curies":[{"name":"wp","href":"https:\/\/api.w.org\/{rel}","templated":true}]}}