{"id":14230,"date":"2023-08-21T13:10:59","date_gmt":"2023-08-21T11:10:59","guid":{"rendered":"https:\/\/eterle.cz\/eshop\/produkt\/lampicka-ala-agatha-christie\/"},"modified":"2025-02-16T02:53:30","modified_gmt":"2025-02-16T01:53:30","slug":"lampicka-ala-agatha-christie","status":"publish","type":"product","link":"https:\/\/eterle.cz\/eshop\/produkt\/lampicka-ala-agatha-christie\/","title":{"rendered":"Lampi\u010dka ala Agatha Christie"},"content":{"rendered":"<p>Vintage mosazn\u00e1 lampi\u010dka s textiln\u00edm plisovan\u00fdm st\u00ednidlem ve stylu Agathy Christie p\u0159i kter\u00e9 se v\u00e1m budou kr\u00e1sn\u011b \u010d\u00edst nejen jej\u00ed detektivky.<\/p>\n<p>Stav: nov\u00e1 elektroinstalace<br \/>\nRozm\u011br<br \/>\nV\u00fd\u0161ka: 40 cm<br \/>\n\u0160\u00ed\u0159ka: 31 cm<\/p>\n","protected":false},"excerpt":{"rendered":"<p>Vintage mosazn\u00e1 lampi\u010dka s textiln\u00edm plisovan\u00fdm st\u00ednidlem ve stylu Agathy Christie p\u0159i kter\u00e9 se v\u00e1m budou kr\u00e1sn\u011b \u010d\u00edst nejen jej\u00ed<\/p>\n","protected":false},"featured_media":14231,"template":"","meta":[],"product_brand":[153],"product_cat":[91],"product_tag":[],"class_list":{"0":"post-14230","1":"product","2":"type-product","3":"status-publish","4":"has-post-thumbnail","6":"product_brand-eterle-cz","7":"product_cat-prodane","8":"product_shipping_class-nadrozmerne","10":"first","11":"outofstock","12":"purchasable","13":"product-type-simple"},"_links":{"self":[{"href":"https:\/\/eterle.cz\/eshop\/wp-json\/wp\/v2\/product\/14230","targetHints":{"allow":["GET"]}}],"collection":[{"href":"https:\/\/eterle.cz\/eshop\/wp-json\/wp\/v2\/product"}],"about":[{"href":"https:\/\/eterle.cz\/eshop\/wp-json\/wp\/v2\/types\/product"}],"version-history":[{"count":0,"href":"https:\/\/eterle.cz\/eshop\/wp-json\/wp\/v2\/product\/14230\/revisions"}],"wp:featuredmedia":[{"embeddable":true,"href":"https:\/\/eterle.cz\/eshop\/wp-json\/wp\/v2\/media\/14231"}],"wp:attachment":[{"href":"https:\/\/eterle.cz\/eshop\/wp-json\/wp\/v2\/media?parent=14230"}],"wp:term":[{"taxonomy":"product_brand","embeddable":true,"href":"https:\/\/eterle.cz\/eshop\/wp-json\/wp\/v2\/product_brand?post=14230"},{"taxonomy":"product_cat","embeddable":true,"href":"https:\/\/eterle.cz\/eshop\/wp-json\/wp\/v2\/product_cat?post=14230"},{"taxonomy":"product_tag","embeddable":true,"href":"https:\/\/eterle.cz\/eshop\/wp-json\/wp\/v2\/product_tag?post=14230"}],"curies":[{"name":"wp","href":"https:\/\/api.w.org\/{rel}","templated":true}]}}