{"id":14245,"date":"2023-08-21T13:11:31","date_gmt":"2023-08-21T11:11:31","guid":{"rendered":"https:\/\/eterle.cz\/eshop\/produkt\/lampicka-na-trojnozce\/"},"modified":"2025-02-16T02:53:29","modified_gmt":"2025-02-16T01:53:29","slug":"lampicka-na-trojnozce","status":"publish","type":"product","link":"https:\/\/eterle.cz\/eshop\/produkt\/lampicka-na-trojnozce\/","title":{"rendered":"Lampi\u010dka na trojno\u017ece"},"content":{"rendered":"<p>Mal\u00e1 roztomil\u00e1 stoln\u00ed lampi\u010dka na d\u0159ev\u011bn\u00e9 trojno\u017ece s textiln\u00edm st\u00ednidlem. Vid\u00edme ji na no\u010dn\u00edm stolku horsk\u00e9 chaloupky. K\u0159em\u00edlek a Vochom\u016frka by z n\u00ed jist\u011b m\u011bli radost.<\/p>\n<p>Stav: elektroinstalace p\u016fvodn\u00ed, funk\u010dn\u00ed<br \/>\nRozm\u011br<br \/>\nV\u00fd\u0161ka: 26 cm<br \/>\n\u0160\u00ed\u0159ka: 22 cm<\/p>\n","protected":false},"excerpt":{"rendered":"<p>Mal\u00e1 roztomil\u00e1 stoln\u00ed lampi\u010dka na d\u0159ev\u011bn\u00e9 trojno\u017ece s textiln\u00edm st\u00ednidlem. Vid\u00edme ji na no\u010dn\u00edm stolku horsk\u00e9 chaloupky. K\u0159em\u00edlek a Vochom\u016frka<\/p>\n","protected":false},"featured_media":14246,"template":"","meta":[],"product_brand":[153],"product_cat":[91],"product_tag":[],"class_list":{"0":"post-14245","1":"product","2":"type-product","3":"status-publish","4":"has-post-thumbnail","6":"product_brand-eterle-cz","7":"product_cat-prodane","8":"product_shipping_class-nadrozmerne","10":"first","11":"outofstock","12":"purchasable","13":"product-type-simple"},"_links":{"self":[{"href":"https:\/\/eterle.cz\/eshop\/wp-json\/wp\/v2\/product\/14245","targetHints":{"allow":["GET"]}}],"collection":[{"href":"https:\/\/eterle.cz\/eshop\/wp-json\/wp\/v2\/product"}],"about":[{"href":"https:\/\/eterle.cz\/eshop\/wp-json\/wp\/v2\/types\/product"}],"version-history":[{"count":0,"href":"https:\/\/eterle.cz\/eshop\/wp-json\/wp\/v2\/product\/14245\/revisions"}],"wp:featuredmedia":[{"embeddable":true,"href":"https:\/\/eterle.cz\/eshop\/wp-json\/wp\/v2\/media\/14246"}],"wp:attachment":[{"href":"https:\/\/eterle.cz\/eshop\/wp-json\/wp\/v2\/media?parent=14245"}],"wp:term":[{"taxonomy":"product_brand","embeddable":true,"href":"https:\/\/eterle.cz\/eshop\/wp-json\/wp\/v2\/product_brand?post=14245"},{"taxonomy":"product_cat","embeddable":true,"href":"https:\/\/eterle.cz\/eshop\/wp-json\/wp\/v2\/product_cat?post=14245"},{"taxonomy":"product_tag","embeddable":true,"href":"https:\/\/eterle.cz\/eshop\/wp-json\/wp\/v2\/product_tag?post=14245"}],"curies":[{"name":"wp","href":"https:\/\/api.w.org\/{rel}","templated":true}]}}