{"id":14288,"date":"2023-08-23T13:38:39","date_gmt":"2023-08-23T11:38:39","guid":{"rendered":"https:\/\/eterle.cz\/eshop\/produkt\/tocici-kreslo-usak\/"},"modified":"2025-02-16T02:53:27","modified_gmt":"2025-02-16T01:53:27","slug":"tocici-kreslo-usak","status":"publish","type":"product","link":"https:\/\/eterle.cz\/eshop\/produkt\/tocici-kreslo-usak\/","title":{"rendered":"To\u010d\u00edc\u00ed k\u0159eslo u\u0161\u00e1k"},"content":{"rendered":"<p>To\u010d\u00edc\u00ed k\u0159eslo tzv. u\u0161\u00e1k z 60. let minul\u00e9ho stolet\u00ed z \u010ceskoslovenska bude pohodln\u00fdm spole\u010dn\u00edkem p\u0159i \u010dten\u00ed jak\u00e9hokoliv druhu literatury. V sou\u010dasn\u00e9m stavu se hod\u00ed do stylov\u00e9ho retro interi\u00e9ru, s nov\u00fdm \u010daloun\u011bn\u00edm bude dob\u0159e vypadat i v modern\u00edm prost\u0159ed\u00ed.<\/p>\n<p>Stav: zachoval\u00fd p\u016fvodn\u00ed stav<br \/>\nRozm\u011br<br \/>\nV\u00fd\u0161ka celkov\u00e1: 103 cm<br \/>\nV\u00fd\u0161ka sed\u00e1ku: 40 cm<br \/>\n\u0160\u00ed\u0159ka sed\u00e1ku: 50cm<br \/>\nHloubka sed\u00e1ku: 50 cm<br \/>\nHloubka celkov\u00e1: 75cm<br \/>\n\u0160\u00ed\u0159ka celkov\u00e1: 71 cm<\/p>\n","protected":false},"excerpt":{"rendered":"<p>To\u010d\u00edc\u00ed k\u0159eslo tzv. u\u0161\u00e1k z 60. let minul\u00e9ho stolet\u00ed z \u010ceskoslovenska bude pohodln\u00fdm spole\u010dn\u00edkem p\u0159i \u010dten\u00ed jak\u00e9hokoliv druhu literatury. V<\/p>\n","protected":false},"featured_media":14289,"template":"","meta":[],"product_brand":[153],"product_cat":[91],"product_tag":[],"class_list":{"0":"post-14288","1":"product","2":"type-product","3":"status-publish","4":"has-post-thumbnail","6":"product_brand-eterle-cz","7":"product_cat-prodane","8":"product_shipping_class-nadrozmerne","10":"first","11":"outofstock","12":"purchasable","13":"product-type-simple"},"_links":{"self":[{"href":"https:\/\/eterle.cz\/eshop\/wp-json\/wp\/v2\/product\/14288","targetHints":{"allow":["GET"]}}],"collection":[{"href":"https:\/\/eterle.cz\/eshop\/wp-json\/wp\/v2\/product"}],"about":[{"href":"https:\/\/eterle.cz\/eshop\/wp-json\/wp\/v2\/types\/product"}],"version-history":[{"count":0,"href":"https:\/\/eterle.cz\/eshop\/wp-json\/wp\/v2\/product\/14288\/revisions"}],"wp:featuredmedia":[{"embeddable":true,"href":"https:\/\/eterle.cz\/eshop\/wp-json\/wp\/v2\/media\/14289"}],"wp:attachment":[{"href":"https:\/\/eterle.cz\/eshop\/wp-json\/wp\/v2\/media?parent=14288"}],"wp:term":[{"taxonomy":"product_brand","embeddable":true,"href":"https:\/\/eterle.cz\/eshop\/wp-json\/wp\/v2\/product_brand?post=14288"},{"taxonomy":"product_cat","embeddable":true,"href":"https:\/\/eterle.cz\/eshop\/wp-json\/wp\/v2\/product_cat?post=14288"},{"taxonomy":"product_tag","embeddable":true,"href":"https:\/\/eterle.cz\/eshop\/wp-json\/wp\/v2\/product_tag?post=14288"}],"curies":[{"name":"wp","href":"https:\/\/api.w.org\/{rel}","templated":true}]}}