{"id":14296,"date":"2023-08-23T13:38:58","date_gmt":"2023-08-23T11:38:58","guid":{"rendered":"https:\/\/eterle.cz\/eshop\/produkt\/kreslo-modre-calouneni\/"},"modified":"2025-02-16T02:53:27","modified_gmt":"2025-02-16T01:53:27","slug":"kreslo-modre-calouneni","status":"publish","type":"product","link":"https:\/\/eterle.cz\/eshop\/produkt\/kreslo-modre-calouneni\/","title":{"rendered":"K\u0159eslo modr\u00e9 \u010daloun\u011bn\u00ed"},"content":{"rendered":"<p>M\u00e1lo v\u00eddan\u00e9 k\u0159eslo z obdob\u00ed poloviny minul\u00e9ho stolet\u00ed (mid-century design) zaujme \u010daloun\u011bn\u00edm v kombinaci dvou barev, kter\u00e9 bychom ponechaly i v p\u0159\u00edpad\u011b nov\u00e9ho \u010daloun\u011bn\u00ed. Kr\u00e1sn\u00e9 jsou i zaj\u00edmav\u00e9 podru\u010dky. Sv\u00fdm jednoduch\u00fdm tvarem je vhodn\u00e9 do modern\u00edho i retro interi\u00e9ru.<\/p>\n<p>Stav: p\u016fvdon\u00ed zachoval\u00fd s drobnou patinou na \u010daloun\u011bn\u00ed<br \/>\nZna\u010dka:<br \/>\nRozm\u011br<br \/>\nV\u00fd\u0161ka celkov\u00e1: 78 cm<br \/>\nV\u00fd\u0161ka sed\u00e1ku: 44 cm<br \/>\n\u0160\u00ed\u0159ka sed\u00e1ku: 51 cm<br \/>\nHloubka sed\u00e1ku: 49 cm<br \/>\nHloubka celkov\u00e1: 70 cm<br \/>\n\u0160\u00ed\u0159ka celkov\u00e1: 65 cm<\/p>\n","protected":false},"excerpt":{"rendered":"<p>M\u00e1lo v\u00eddan\u00e9 k\u0159eslo z obdob\u00ed poloviny minul\u00e9ho stolet\u00ed (mid-century design) zaujme \u010daloun\u011bn\u00edm v kombinaci dvou barev, kter\u00e9 bychom ponechaly i<\/p>\n","protected":false},"featured_media":14297,"template":"","meta":[],"product_brand":[153],"product_cat":[91],"product_tag":[],"class_list":{"0":"post-14296","1":"product","2":"type-product","3":"status-publish","4":"has-post-thumbnail","6":"product_brand-eterle-cz","7":"product_cat-prodane","8":"product_shipping_class-nadrozmerne","10":"first","11":"outofstock","12":"purchasable","13":"product-type-simple"},"_links":{"self":[{"href":"https:\/\/eterle.cz\/eshop\/wp-json\/wp\/v2\/product\/14296","targetHints":{"allow":["GET"]}}],"collection":[{"href":"https:\/\/eterle.cz\/eshop\/wp-json\/wp\/v2\/product"}],"about":[{"href":"https:\/\/eterle.cz\/eshop\/wp-json\/wp\/v2\/types\/product"}],"version-history":[{"count":0,"href":"https:\/\/eterle.cz\/eshop\/wp-json\/wp\/v2\/product\/14296\/revisions"}],"wp:featuredmedia":[{"embeddable":true,"href":"https:\/\/eterle.cz\/eshop\/wp-json\/wp\/v2\/media\/14297"}],"wp:attachment":[{"href":"https:\/\/eterle.cz\/eshop\/wp-json\/wp\/v2\/media?parent=14296"}],"wp:term":[{"taxonomy":"product_brand","embeddable":true,"href":"https:\/\/eterle.cz\/eshop\/wp-json\/wp\/v2\/product_brand?post=14296"},{"taxonomy":"product_cat","embeddable":true,"href":"https:\/\/eterle.cz\/eshop\/wp-json\/wp\/v2\/product_cat?post=14296"},{"taxonomy":"product_tag","embeddable":true,"href":"https:\/\/eterle.cz\/eshop\/wp-json\/wp\/v2\/product_tag?post=14296"}],"curies":[{"name":"wp","href":"https:\/\/api.w.org\/{rel}","templated":true}]}}