{"id":14303,"date":"2023-08-23T13:39:13","date_gmt":"2023-08-23T11:39:13","guid":{"rendered":"https:\/\/eterle.cz\/eshop\/produkt\/zilde-suman-set\/"},"modified":"2025-07-30T23:10:53","modified_gmt":"2025-07-30T21:10:53","slug":"zilde-suman-set","status":"publish","type":"product","link":"https:\/\/eterle.cz\/eshop\/produkt\/zilde-suman-set\/","title":{"rendered":"\u017didle \u0160uman (set)"},"content":{"rendered":"<p>Set 4 kus\u016f \u017eidl\u00ed zna\u010dky Thonet od designera Anton\u00edna \u0160umana z obdob\u00ed 70.let minul\u00e9ho stolet\u00ed. Velmi snadno lze vym\u011bnit \u010daloun\u011bn\u00ed i v dom\u00e1c\u00edch podm\u00ednk\u00e1ch.<\/p>\n<p>Stav: p\u016fvodn\u00ed zachoval\u00fd, d\u0159evo v po\u0159\u00e1dku. \u010caloun\u011bn\u00ed na jednom sed\u00e1ku potrhan\u00e9<br \/>\nZna\u010dka: Anton\u00edn \u0160uman pro Thonet<br \/>\nRozm\u011br<br \/>\nV\u00fd\u0161ka celkov\u00e1: 82 cm<br \/>\nV\u00fd\u0161ka sed\u00e1ku: 48 cm<br \/>\n\u0160\u00ed\u0159ka sed\u00e1ku: 38 cm<br \/>\nHloubka sed\u00e1ku: 43 cm<br \/>\nHloubka celkov\u00e1: 51 cm<br \/>\n\u0160\u00ed\u0159ka celkov\u00e1: 46 cm<\/p>\n","protected":false},"excerpt":{"rendered":"<p>Set 4 kus\u016f \u017eidl\u00ed zna\u010dky Thonet od designera Anton\u00edna \u0160umana z obdob\u00ed 70.let minul\u00e9ho stolet\u00ed. Velmi snadno lze vym\u011bnit \u010daloun\u011bn\u00ed<\/p>\n","protected":false},"featured_media":14304,"template":"","meta":[],"product_brand":[153],"product_cat":[91],"product_tag":[],"class_list":{"0":"post-14303","1":"product","2":"type-product","3":"status-publish","4":"has-post-thumbnail","6":"product_brand-eterle-cz","7":"product_cat-prodane","8":"product_shipping_class-nadrozmerne","10":"first","11":"outofstock","12":"purchasable","13":"product-type-simple"},"_links":{"self":[{"href":"https:\/\/eterle.cz\/eshop\/wp-json\/wp\/v2\/product\/14303","targetHints":{"allow":["GET"]}}],"collection":[{"href":"https:\/\/eterle.cz\/eshop\/wp-json\/wp\/v2\/product"}],"about":[{"href":"https:\/\/eterle.cz\/eshop\/wp-json\/wp\/v2\/types\/product"}],"version-history":[{"count":1,"href":"https:\/\/eterle.cz\/eshop\/wp-json\/wp\/v2\/product\/14303\/revisions"}],"predecessor-version":[{"id":26136,"href":"https:\/\/eterle.cz\/eshop\/wp-json\/wp\/v2\/product\/14303\/revisions\/26136"}],"wp:featuredmedia":[{"embeddable":true,"href":"https:\/\/eterle.cz\/eshop\/wp-json\/wp\/v2\/media\/14304"}],"wp:attachment":[{"href":"https:\/\/eterle.cz\/eshop\/wp-json\/wp\/v2\/media?parent=14303"}],"wp:term":[{"taxonomy":"product_brand","embeddable":true,"href":"https:\/\/eterle.cz\/eshop\/wp-json\/wp\/v2\/product_brand?post=14303"},{"taxonomy":"product_cat","embeddable":true,"href":"https:\/\/eterle.cz\/eshop\/wp-json\/wp\/v2\/product_cat?post=14303"},{"taxonomy":"product_tag","embeddable":true,"href":"https:\/\/eterle.cz\/eshop\/wp-json\/wp\/v2\/product_tag?post=14303"}],"curies":[{"name":"wp","href":"https:\/\/api.w.org\/{rel}","templated":true}]}}