{"id":14311,"date":"2023-08-23T13:39:30","date_gmt":"2023-08-23T11:39:30","guid":{"rendered":"https:\/\/eterle.cz\/eshop\/produkt\/kozene-sofa-hnede-i\/"},"modified":"2025-02-16T02:53:26","modified_gmt":"2025-02-16T01:53:26","slug":"kozene-sofa-hnede-i","status":"publish","type":"product","link":"https:\/\/eterle.cz\/eshop\/produkt\/kozene-sofa-hnede-i\/","title":{"rendered":"Ko\u017een\u00e9 sofa hn\u011bd\u00e9 1"},"content":{"rendered":"<p>Klasick\u00e1 nad\u010dasov\u00e1 ko\u017een\u00e1 seda\u010dka z Anglie v kr\u00e1sn\u00e9 ka\u0161tanov\u00e9 barv\u011b. Jej\u00ed design se ji\u017e des\u00edtky let nezm\u011bnil, proto je vhodn\u00e1 do jak\u00e9hokoliv interi\u00e9ru. K\u016f\u017ee bude p\u0159irozen\u011b st\u00e1rnout a tak net\u0159eba m\u011bnit za jinou a m\u016f\u017ee v\u00e1m vydr\u017eet dal\u0161\u00ed des\u00edtky let. K dispozici je\u0161t\u011b <a href=\"https:\/\/eterle.cz\/eshop\/produkt\/kozene-sofa-hnede-ii\/\"><span style=\"color: #000000;\">jedno<\/span> <span style=\"color: #000000;\">sofa<\/span><\/a> t\u00e9m\u011b\u0159 stejn\u00e9ho rozm\u011bru.<\/p>\n<p>Stav: p\u016fvodn\u00ed zachoval\u00fd, p\u0159irozen\u00e1 patina k\u016f\u017ee<br \/>\nRozm\u011br<br \/>\nV\u00fd\u0161ka celkov\u00e1: 90 cm<br \/>\nHloubka celkov\u00e1: 93 cm<br \/>\nD\u00e9lka celkov\u00e1: 175 cm<br \/>\nD\u00e9lka vnit\u0159n\u00ed: 130 cm<br \/>\nHloubka sed\u00e1ku: 58 cm<br \/>\nV\u00fd\u0161ka sed\u00e1ku: 47 cm<\/p>\n","protected":false},"excerpt":{"rendered":"<p>Klasick\u00e1 nad\u010dasov\u00e1 ko\u017een\u00e1 seda\u010dka z Anglie v kr\u00e1sn\u00e9 ka\u0161tanov\u00e9 barv\u011b. Jej\u00ed design se ji\u017e des\u00edtky let nezm\u011bnil, proto je vhodn\u00e1<\/p>\n","protected":false},"featured_media":14312,"template":"","meta":[],"product_brand":[153],"product_cat":[91],"product_tag":[],"class_list":{"0":"post-14311","1":"product","2":"type-product","3":"status-publish","4":"has-post-thumbnail","6":"product_brand-eterle-cz","7":"product_cat-prodane","8":"product_shipping_class-nadrozmerne","10":"first","11":"outofstock","12":"purchasable","13":"product-type-simple"},"_links":{"self":[{"href":"https:\/\/eterle.cz\/eshop\/wp-json\/wp\/v2\/product\/14311","targetHints":{"allow":["GET"]}}],"collection":[{"href":"https:\/\/eterle.cz\/eshop\/wp-json\/wp\/v2\/product"}],"about":[{"href":"https:\/\/eterle.cz\/eshop\/wp-json\/wp\/v2\/types\/product"}],"version-history":[{"count":0,"href":"https:\/\/eterle.cz\/eshop\/wp-json\/wp\/v2\/product\/14311\/revisions"}],"wp:featuredmedia":[{"embeddable":true,"href":"https:\/\/eterle.cz\/eshop\/wp-json\/wp\/v2\/media\/14312"}],"wp:attachment":[{"href":"https:\/\/eterle.cz\/eshop\/wp-json\/wp\/v2\/media?parent=14311"}],"wp:term":[{"taxonomy":"product_brand","embeddable":true,"href":"https:\/\/eterle.cz\/eshop\/wp-json\/wp\/v2\/product_brand?post=14311"},{"taxonomy":"product_cat","embeddable":true,"href":"https:\/\/eterle.cz\/eshop\/wp-json\/wp\/v2\/product_cat?post=14311"},{"taxonomy":"product_tag","embeddable":true,"href":"https:\/\/eterle.cz\/eshop\/wp-json\/wp\/v2\/product_tag?post=14311"}],"curies":[{"name":"wp","href":"https:\/\/api.w.org\/{rel}","templated":true}]}}