{"id":14324,"date":"2023-08-23T13:40:02","date_gmt":"2023-08-23T11:40:02","guid":{"rendered":"https:\/\/eterle.cz\/eshop\/produkt\/sklopny-gauc\/"},"modified":"2025-02-16T02:53:26","modified_gmt":"2025-02-16T01:53:26","slug":"sklopny-gauc","status":"publish","type":"product","link":"https:\/\/eterle.cz\/eshop\/produkt\/sklopny-gauc\/","title":{"rendered":"Sklopn\u00fd gau\u010d"},"content":{"rendered":"<p>Rozkl\u00e1dac\u00ed postel, kterou v p\u0159\u00edpad\u011b pot\u0159eby slo\u017e\u00edte na \u00fazkou poli\u010dku, poch\u00e1z\u00ed z obdob\u00ed 30. let minul\u00e9ho stolet\u00ed. Zabere velmi m\u00e1lo m\u00edsta a p\u0159itom poskytne plnohodnotn\u00fd sp\u00e1nek. Vhodn\u00e1 do mal\u00fdch prostor.  Je v kombinaci d\u0159eva a trubkov\u00e9 oceli v antracitov\u00e9 barv\u011b.<\/p>\n<p>Stav: po celkov\u00e9 renovaci v\u010detn\u011b nov\u00e9 matrace<br \/>\nRozm\u011br<br \/>\nV\u00fd\u0161ka celkov\u00e1: 95,5 cm<br \/>\nHloubka celkov\u00e1: 81 cm<br \/>\nHloubka p\u0159i slo\u017een\u00ed: 27 cm<br \/>\n\u0160\u00ed\u0159ka celkov\u00e1: 205 cm<br \/>\nMatrace<br \/>\nS\u00e9lka: 180 cm<br \/>\nHloubka: 79 cm<br \/>\nV\u00fd\u0161ka postele: 46 cm<\/p>\n","protected":false},"excerpt":{"rendered":"<p>Rozkl\u00e1dac\u00ed postel, kterou v p\u0159\u00edpad\u011b pot\u0159eby slo\u017e\u00edte na \u00fazkou poli\u010dku, poch\u00e1z\u00ed z obdob\u00ed 30. let minul\u00e9ho stolet\u00ed. Zabere velmi m\u00e1lo<\/p>\n","protected":false},"featured_media":14325,"template":"","meta":[],"product_brand":[153],"product_cat":[91],"product_tag":[],"class_list":{"0":"post-14324","1":"product","2":"type-product","3":"status-publish","4":"has-post-thumbnail","6":"product_brand-eterle-cz","7":"product_cat-prodane","8":"product_shipping_class-nadrozmerne","10":"first","11":"outofstock","12":"purchasable","13":"product-type-simple"},"_links":{"self":[{"href":"https:\/\/eterle.cz\/eshop\/wp-json\/wp\/v2\/product\/14324","targetHints":{"allow":["GET"]}}],"collection":[{"href":"https:\/\/eterle.cz\/eshop\/wp-json\/wp\/v2\/product"}],"about":[{"href":"https:\/\/eterle.cz\/eshop\/wp-json\/wp\/v2\/types\/product"}],"version-history":[{"count":0,"href":"https:\/\/eterle.cz\/eshop\/wp-json\/wp\/v2\/product\/14324\/revisions"}],"wp:featuredmedia":[{"embeddable":true,"href":"https:\/\/eterle.cz\/eshop\/wp-json\/wp\/v2\/media\/14325"}],"wp:attachment":[{"href":"https:\/\/eterle.cz\/eshop\/wp-json\/wp\/v2\/media?parent=14324"}],"wp:term":[{"taxonomy":"product_brand","embeddable":true,"href":"https:\/\/eterle.cz\/eshop\/wp-json\/wp\/v2\/product_brand?post=14324"},{"taxonomy":"product_cat","embeddable":true,"href":"https:\/\/eterle.cz\/eshop\/wp-json\/wp\/v2\/product_cat?post=14324"},{"taxonomy":"product_tag","embeddable":true,"href":"https:\/\/eterle.cz\/eshop\/wp-json\/wp\/v2\/product_tag?post=14324"}],"curies":[{"name":"wp","href":"https:\/\/api.w.org\/{rel}","templated":true}]}}