{"id":15764,"date":"2023-10-20T20:25:16","date_gmt":"2023-10-20T18:25:16","guid":{"rendered":"https:\/\/eterle.cz\/eshop\/produkt\/svicen-dvojramenny\/"},"modified":"2025-02-16T02:53:25","modified_gmt":"2025-02-16T01:53:25","slug":"svicen-dvojramenny","status":"publish","type":"product","link":"https:\/\/eterle.cz\/eshop\/produkt\/svicen-dvojramenny\/","title":{"rendered":"Sv\u00edcen dvojramenn\u00fd"},"content":{"rendered":"<p>Secesn\u00ed dvojramenn\u00fd sv\u00edcen substiln\u00edho vzhledu s jemnou plastickou dekorac\u00ed v podob\u011b prou\u017ek\u016f a m\u00edsty zachovan\u00fdm zlat\u00fdm prou\u017ekem. Na stole nezabere p\u0159\u00edli\u0161 m\u00edsta, p\u0159i tom mu ale dod\u00e1 kr\u00e1sn\u00fd slavnostn\u00ed vzhled.<\/p>\n<p>Stav: vintage s patinou, zlat\u00e1 linka m\u00edsty set\u0159ena a na jedn\u00e9 &#8222;misti\u010dce&#8220; kolem otvoru na sv\u00ed\u010dku je ji\u017e zcela vymaz\u00e1na<br \/>\nRozm\u011br<br \/>\n\u0160\u00ed\u0159ka: 27 cm<br \/>\nPr\u016fm\u011br otvoru na sv\u00ed\u010dku: 3 cm<\/p>\n","protected":false},"excerpt":{"rendered":"<p>Secesn\u00ed dvojramenn\u00fd sv\u00edcen substiln\u00edho vzhledu s jemnou plastickou dekorac\u00ed v podob\u011b prou\u017ek\u016f a m\u00edsty zachovan\u00fdm zlat\u00fdm prou\u017ekem. Na stole nezabere<\/p>\n","protected":false},"featured_media":14813,"template":"","meta":[],"product_brand":[153],"product_cat":[91],"product_tag":[],"class_list":{"0":"post-15764","1":"product","2":"type-product","3":"status-publish","4":"has-post-thumbnail","6":"product_brand-eterle-cz","7":"product_cat-prodane","9":"first","10":"outofstock","11":"purchasable","12":"product-type-simple"},"_links":{"self":[{"href":"https:\/\/eterle.cz\/eshop\/wp-json\/wp\/v2\/product\/15764","targetHints":{"allow":["GET"]}}],"collection":[{"href":"https:\/\/eterle.cz\/eshop\/wp-json\/wp\/v2\/product"}],"about":[{"href":"https:\/\/eterle.cz\/eshop\/wp-json\/wp\/v2\/types\/product"}],"version-history":[{"count":0,"href":"https:\/\/eterle.cz\/eshop\/wp-json\/wp\/v2\/product\/15764\/revisions"}],"wp:featuredmedia":[{"embeddable":true,"href":"https:\/\/eterle.cz\/eshop\/wp-json\/wp\/v2\/media\/14813"}],"wp:attachment":[{"href":"https:\/\/eterle.cz\/eshop\/wp-json\/wp\/v2\/media?parent=15764"}],"wp:term":[{"taxonomy":"product_brand","embeddable":true,"href":"https:\/\/eterle.cz\/eshop\/wp-json\/wp\/v2\/product_brand?post=15764"},{"taxonomy":"product_cat","embeddable":true,"href":"https:\/\/eterle.cz\/eshop\/wp-json\/wp\/v2\/product_cat?post=15764"},{"taxonomy":"product_tag","embeddable":true,"href":"https:\/\/eterle.cz\/eshop\/wp-json\/wp\/v2\/product_tag?post=15764"}],"curies":[{"name":"wp","href":"https:\/\/api.w.org\/{rel}","templated":true}]}}