{"id":15771,"date":"2023-10-20T20:25:52","date_gmt":"2023-10-20T18:25:52","guid":{"rendered":"https:\/\/eterle.cz\/eshop\/produkt\/porcelanovy-zapalovac-rosenthal\/"},"modified":"2025-06-24T01:53:53","modified_gmt":"2025-06-23T23:53:53","slug":"porcelanovy-zapalovac-rosenthal","status":"publish","type":"product","link":"https:\/\/eterle.cz\/eshop\/produkt\/porcelanovy-zapalovac-rosenthal\/","title":{"rendered":"Porcel\u00e1nov\u00fd zapalova\u010d \/ Rosenthal"},"content":{"rendered":"<p>Raritn\u00ed porcel\u00e1nov\u00fd zapalova\u010d od zna\u010dky Rosenthal je sice nefunk\u010dn\u00ed, ale i tak v\u011b\u0159\u00edme, \u017ee bude hezk\u00fdm d\u00e1rkem zejm\u00e9n apro mu\u017ee jako dekorace do pracovny.<\/p>\n<p>Stav: porcel\u00e1n v dobr\u00e9m stavu, zapalov\u00e1n\u00ed nefunk\u010dn\u00ed, ale d\u016fvod nezn\u00e1me<br \/>\nZna\u010dka: Rosenthal<br \/>\nRozm\u011br<br \/>\nV\u00fd\u0161ka: 7 cm<br \/>\nPr\u016fm\u011br: 8 cm<\/p>\n","protected":false},"excerpt":{"rendered":"<p>Raritn\u00ed porcel\u00e1nov\u00fd zapalova\u010d od zna\u010dky Rosenthal je sice nefunk\u010dn\u00ed, ale i tak v\u011b\u0159\u00edme, \u017ee bude hezk\u00fdm d\u00e1rkem zejm\u00e9n apro mu\u017ee<\/p>\n","protected":false},"featured_media":14850,"template":"","meta":[],"product_brand":[153],"product_cat":[101,80,137],"product_tag":[],"class_list":{"0":"post-15771","1":"product","2":"type-product","3":"status-publish","4":"has-post-thumbnail","6":"product_brand-eterle-cz","7":"product_cat-rosenthal","8":"product_cat-dekorace","9":"product_cat-ostatni-dekorace","11":"first","12":"instock","13":"purchasable","14":"product-type-simple"},"_links":{"self":[{"href":"https:\/\/eterle.cz\/eshop\/wp-json\/wp\/v2\/product\/15771","targetHints":{"allow":["GET"]}}],"collection":[{"href":"https:\/\/eterle.cz\/eshop\/wp-json\/wp\/v2\/product"}],"about":[{"href":"https:\/\/eterle.cz\/eshop\/wp-json\/wp\/v2\/types\/product"}],"version-history":[{"count":1,"href":"https:\/\/eterle.cz\/eshop\/wp-json\/wp\/v2\/product\/15771\/revisions"}],"predecessor-version":[{"id":26325,"href":"https:\/\/eterle.cz\/eshop\/wp-json\/wp\/v2\/product\/15771\/revisions\/26325"}],"wp:featuredmedia":[{"embeddable":true,"href":"https:\/\/eterle.cz\/eshop\/wp-json\/wp\/v2\/media\/14850"}],"wp:attachment":[{"href":"https:\/\/eterle.cz\/eshop\/wp-json\/wp\/v2\/media?parent=15771"}],"wp:term":[{"taxonomy":"product_brand","embeddable":true,"href":"https:\/\/eterle.cz\/eshop\/wp-json\/wp\/v2\/product_brand?post=15771"},{"taxonomy":"product_cat","embeddable":true,"href":"https:\/\/eterle.cz\/eshop\/wp-json\/wp\/v2\/product_cat?post=15771"},{"taxonomy":"product_tag","embeddable":true,"href":"https:\/\/eterle.cz\/eshop\/wp-json\/wp\/v2\/product_tag?post=15771"}],"curies":[{"name":"wp","href":"https:\/\/api.w.org\/{rel}","templated":true}]}}