{"id":15772,"date":"2023-10-20T20:25:58","date_gmt":"2023-10-20T18:25:58","guid":{"rendered":"https:\/\/eterle.cz\/eshop\/produkt\/sada-sklenenych-svicnu\/"},"modified":"2025-02-16T02:53:22","modified_gmt":"2025-02-16T01:53:22","slug":"sada-sklenenych-svicnu","status":"publish","type":"product","link":"https:\/\/eterle.cz\/eshop\/produkt\/sada-sklenenych-svicnu\/","title":{"rendered":"Sada sklen\u011bn\u00fdch sv\u00edcn\u016f"},"content":{"rendered":"<p>Elegantn\u00ed sada t\u0159\u00ed sklen\u011bn\u00fdch sv\u00edcn\u016f v r\u016fzn\u00fdch v\u00fd\u0161k\u00e1ch, co\u017e v\u017edy vytvo\u0159\u00ed velmi zaj\u00edmav\u00fd efekt.<\/p>\n<p>Stav: nepou\u017eit\u00e9<br \/>\nRozm\u011br<br \/>\nMal\u00fd: 14,5 cm<br \/>\nSt\u0159edn\u00ed: 19 cm<br \/>\nVelk\u00fd: 23 cm<br \/>\nOtvor na sv\u00ed\u010dku: 1,7 cm<\/p>\n","protected":false},"excerpt":{"rendered":"<p>Elegantn\u00ed sada t\u0159\u00ed sklen\u011bn\u00fdch sv\u00edcn\u016f v r\u016fzn\u00fdch v\u00fd\u0161k\u00e1ch, co\u017e v\u017edy vytvo\u0159\u00ed velmi zaj\u00edmav\u00fd efekt. Stav: nepou\u017eit\u00e9 Rozm\u011br Mal\u00fd: 14,5 cm<\/p>\n","protected":false},"featured_media":14856,"template":"","meta":[],"product_brand":[153],"product_cat":[91],"product_tag":[],"class_list":{"0":"post-15772","1":"product","2":"type-product","3":"status-publish","4":"has-post-thumbnail","6":"product_brand-eterle-cz","7":"product_cat-prodane","9":"first","10":"outofstock","11":"purchasable","12":"product-type-simple"},"_links":{"self":[{"href":"https:\/\/eterle.cz\/eshop\/wp-json\/wp\/v2\/product\/15772","targetHints":{"allow":["GET"]}}],"collection":[{"href":"https:\/\/eterle.cz\/eshop\/wp-json\/wp\/v2\/product"}],"about":[{"href":"https:\/\/eterle.cz\/eshop\/wp-json\/wp\/v2\/types\/product"}],"version-history":[{"count":0,"href":"https:\/\/eterle.cz\/eshop\/wp-json\/wp\/v2\/product\/15772\/revisions"}],"wp:featuredmedia":[{"embeddable":true,"href":"https:\/\/eterle.cz\/eshop\/wp-json\/wp\/v2\/media\/14856"}],"wp:attachment":[{"href":"https:\/\/eterle.cz\/eshop\/wp-json\/wp\/v2\/media?parent=15772"}],"wp:term":[{"taxonomy":"product_brand","embeddable":true,"href":"https:\/\/eterle.cz\/eshop\/wp-json\/wp\/v2\/product_brand?post=15772"},{"taxonomy":"product_cat","embeddable":true,"href":"https:\/\/eterle.cz\/eshop\/wp-json\/wp\/v2\/product_cat?post=15772"},{"taxonomy":"product_tag","embeddable":true,"href":"https:\/\/eterle.cz\/eshop\/wp-json\/wp\/v2\/product_tag?post=15772"}],"curies":[{"name":"wp","href":"https:\/\/api.w.org\/{rel}","templated":true}]}}