{"id":15773,"date":"2023-10-20T20:26:10","date_gmt":"2023-10-20T18:26:10","guid":{"rendered":"https:\/\/eterle.cz\/eshop\/produkt\/skleneny-zvonecek-rosenthal\/"},"modified":"2025-02-16T02:53:22","modified_gmt":"2025-02-16T01:53:22","slug":"skleneny-zvonecek-rosenthal","status":"publish","type":"product","link":"https:\/\/eterle.cz\/eshop\/produkt\/skleneny-zvonecek-rosenthal\/","title":{"rendered":"Sklen\u011bn\u00fd zvone\u010dek \/ Rosenthal"},"content":{"rendered":"<p>Malovan\u00fd sklen\u011bn\u00fd zvone\u010dek od n\u011bmeck\u00e9 zna\u010dky Rosenthal lze pov\u011bsit na strome\u010dek jako ozdobi\u010dka. M\u00e1 kr\u00e1sn\u00fd zvuk, za kter\u00fdm mus\u00ed Je\u017e\u00ed\u0161ek ur\u010dit\u011b p\u0159ij\u00edt.<\/p>\n<p>Stav: nepou\u017eit\u00fd<br \/>\nZna\u010dka: Rosenthal<br \/>\nRozm\u011br<br \/>\nV\u00fd\u0161ka: 11 cm<br \/>\n\u0160\u00ed\u0159ka: 5 cm<\/p>\n","protected":false},"excerpt":{"rendered":"<p>Malovan\u00fd sklen\u011bn\u00fd zvone\u010dek od n\u011bmeck\u00e9 zna\u010dky Rosenthal lze pov\u011bsit na strome\u010dek jako ozdobi\u010dka. M\u00e1 kr\u00e1sn\u00fd zvuk, za kter\u00fdm mus\u00ed Je\u017e\u00ed\u0161ek<\/p>\n","protected":false},"featured_media":14861,"template":"","meta":[],"product_brand":[153],"product_cat":[91],"product_tag":[],"class_list":{"0":"post-15773","1":"product","2":"type-product","3":"status-publish","4":"has-post-thumbnail","6":"product_brand-eterle-cz","7":"product_cat-prodane","9":"first","10":"outofstock","11":"purchasable","12":"product-type-simple"},"_links":{"self":[{"href":"https:\/\/eterle.cz\/eshop\/wp-json\/wp\/v2\/product\/15773","targetHints":{"allow":["GET"]}}],"collection":[{"href":"https:\/\/eterle.cz\/eshop\/wp-json\/wp\/v2\/product"}],"about":[{"href":"https:\/\/eterle.cz\/eshop\/wp-json\/wp\/v2\/types\/product"}],"version-history":[{"count":0,"href":"https:\/\/eterle.cz\/eshop\/wp-json\/wp\/v2\/product\/15773\/revisions"}],"wp:featuredmedia":[{"embeddable":true,"href":"https:\/\/eterle.cz\/eshop\/wp-json\/wp\/v2\/media\/14861"}],"wp:attachment":[{"href":"https:\/\/eterle.cz\/eshop\/wp-json\/wp\/v2\/media?parent=15773"}],"wp:term":[{"taxonomy":"product_brand","embeddable":true,"href":"https:\/\/eterle.cz\/eshop\/wp-json\/wp\/v2\/product_brand?post=15773"},{"taxonomy":"product_cat","embeddable":true,"href":"https:\/\/eterle.cz\/eshop\/wp-json\/wp\/v2\/product_cat?post=15773"},{"taxonomy":"product_tag","embeddable":true,"href":"https:\/\/eterle.cz\/eshop\/wp-json\/wp\/v2\/product_tag?post=15773"}],"curies":[{"name":"wp","href":"https:\/\/api.w.org\/{rel}","templated":true}]}}