{"id":15774,"date":"2023-10-20T20:26:17","date_gmt":"2023-10-20T18:26:17","guid":{"rendered":"https:\/\/eterle.cz\/eshop\/produkt\/zaba-dux\/"},"modified":"2025-11-08T21:41:35","modified_gmt":"2025-11-08T20:41:35","slug":"zaba-dux","status":"publish","type":"product","link":"https:\/\/eterle.cz\/eshop\/produkt\/zaba-dux\/","title":{"rendered":"\u017d\u00e1ba \/ Dux"},"content":{"rendered":"<p>Velk\u00e1 porcel\u00e1nov\u00e1 \u017e\u00e1ba Royal Dux, kter\u00e1 v\u00e1m t\u0159eba p\u0159ivede va\u0161eho vysn\u011bn\u00e9ho prince. So\u0161ka dle n\u00e1vrhu Valerie Ko\u0161kin (Valeria Ko\u0161kina) pro Dux nav\u00e1zala na jej\u00ed prvn\u00ed spolupr\u00e1c\u00ed s touto porcel\u00e1nkou, kdy pro ni navrhla protahuj\u00edc\u00edho se kocoura. Valeria Ko\u0161kina pracuje v oblasti drobn\u00e9 plastiky, medail\u00ed a dekorativn\u00edho um\u011bn\u00ed.<\/p>\n<p>Stav: perfektn\u00ed<br \/>\nZna\u010dka: Dux<br \/>\nRozm\u011br<br \/>\nV\u00fd\u0161ka: 12 cm<br \/>\n\u0160\u00ed\u0159ka: 25,5 cm<br \/>\nD\u00e9lka: 23 cm<\/p>\n","protected":false},"excerpt":{"rendered":"<p>Velk\u00e1 porcel\u00e1nov\u00e1 \u017e\u00e1ba Royal Dux, kter\u00e1 v\u00e1m t\u0159eba p\u0159ivede va\u0161eho vysn\u011bn\u00e9ho prince. So\u0161ka dle n\u00e1vrhu Valerie Ko\u0161kin (Valeria Ko\u0161kina) pro<\/p>\n","protected":false},"featured_media":14867,"template":"","meta":[],"product_brand":[153],"product_cat":[91],"product_tag":[],"class_list":{"0":"post-15774","1":"product","2":"type-product","3":"status-publish","4":"has-post-thumbnail","6":"product_brand-eterle-cz","7":"product_cat-prodane","9":"first","10":"outofstock","11":"purchasable","12":"product-type-simple"},"_links":{"self":[{"href":"https:\/\/eterle.cz\/eshop\/wp-json\/wp\/v2\/product\/15774","targetHints":{"allow":["GET"]}}],"collection":[{"href":"https:\/\/eterle.cz\/eshop\/wp-json\/wp\/v2\/product"}],"about":[{"href":"https:\/\/eterle.cz\/eshop\/wp-json\/wp\/v2\/types\/product"}],"version-history":[{"count":2,"href":"https:\/\/eterle.cz\/eshop\/wp-json\/wp\/v2\/product\/15774\/revisions"}],"predecessor-version":[{"id":31031,"href":"https:\/\/eterle.cz\/eshop\/wp-json\/wp\/v2\/product\/15774\/revisions\/31031"}],"wp:featuredmedia":[{"embeddable":true,"href":"https:\/\/eterle.cz\/eshop\/wp-json\/wp\/v2\/media\/14867"}],"wp:attachment":[{"href":"https:\/\/eterle.cz\/eshop\/wp-json\/wp\/v2\/media?parent=15774"}],"wp:term":[{"taxonomy":"product_brand","embeddable":true,"href":"https:\/\/eterle.cz\/eshop\/wp-json\/wp\/v2\/product_brand?post=15774"},{"taxonomy":"product_cat","embeddable":true,"href":"https:\/\/eterle.cz\/eshop\/wp-json\/wp\/v2\/product_cat?post=15774"},{"taxonomy":"product_tag","embeddable":true,"href":"https:\/\/eterle.cz\/eshop\/wp-json\/wp\/v2\/product_tag?post=15774"}],"curies":[{"name":"wp","href":"https:\/\/api.w.org\/{rel}","templated":true}]}}