{"id":15775,"date":"2023-10-20T20:26:24","date_gmt":"2023-10-20T18:26:24","guid":{"rendered":"https:\/\/eterle.cz\/eshop\/produkt\/sova-blede-modra-dux\/"},"modified":"2025-09-17T22:10:56","modified_gmt":"2025-09-17T20:10:56","slug":"sova-blede-modra-dux","status":"publish","type":"product","link":"https:\/\/eterle.cz\/eshop\/produkt\/sova-blede-modra-dux\/","title":{"rendered":"Sova bled\u011b modr\u00e1 \/ Dux"},"content":{"rendered":"<p>Sova podle n\u00e1vrhu v\u00fdtvarn\u00edka Jaroslava Je\u017eka pro Dux. Jaroslav Je\u017eek z\u00edskal za sv\u00e9 dva n\u00e1vrhy (socha klisni\u010dka a h\u0159ebec, moka servis Elka) presti\u017en\u00ed ocen\u011bn\u00ed na v\u00fdstav\u011b EXPO 58. J. Je\u017eek vytvo\u0159il celou \u0159adu zv\u00ed\u0159ec\u00edch figurek a jejich \u00fasp\u011bch na Expu nastartoval vznik mnoha dal\u0161\u00edch a to i od jin\u00fdch v\u00fdtvarn\u00edk\u016f.<\/p>\n<p>Stav: perfektn\u00ed<br \/>\nZna\u010dka: Dux<br \/>\nRozm\u011br<br \/>\nV\u00fd\u0161ka: 9 cm<\/p>\n","protected":false},"excerpt":{"rendered":"<p>Sova podle n\u00e1vrhu v\u00fdtvarn\u00edka Jaroslava Je\u017eka pro Dux. Jaroslav Je\u017eek z\u00edskal za sv\u00e9 dva n\u00e1vrhy (socha klisni\u010dka a h\u0159ebec, moka<\/p>\n","protected":false},"featured_media":14872,"template":"","meta":[],"product_brand":[153],"product_cat":[91],"product_tag":[],"class_list":{"0":"post-15775","1":"product","2":"type-product","3":"status-publish","4":"has-post-thumbnail","6":"product_brand-eterle-cz","7":"product_cat-prodane","9":"first","10":"outofstock","11":"purchasable","12":"product-type-simple"},"_links":{"self":[{"href":"https:\/\/eterle.cz\/eshop\/wp-json\/wp\/v2\/product\/15775","targetHints":{"allow":["GET"]}}],"collection":[{"href":"https:\/\/eterle.cz\/eshop\/wp-json\/wp\/v2\/product"}],"about":[{"href":"https:\/\/eterle.cz\/eshop\/wp-json\/wp\/v2\/types\/product"}],"version-history":[{"count":1,"href":"https:\/\/eterle.cz\/eshop\/wp-json\/wp\/v2\/product\/15775\/revisions"}],"predecessor-version":[{"id":26048,"href":"https:\/\/eterle.cz\/eshop\/wp-json\/wp\/v2\/product\/15775\/revisions\/26048"}],"wp:featuredmedia":[{"embeddable":true,"href":"https:\/\/eterle.cz\/eshop\/wp-json\/wp\/v2\/media\/14872"}],"wp:attachment":[{"href":"https:\/\/eterle.cz\/eshop\/wp-json\/wp\/v2\/media?parent=15775"}],"wp:term":[{"taxonomy":"product_brand","embeddable":true,"href":"https:\/\/eterle.cz\/eshop\/wp-json\/wp\/v2\/product_brand?post=15775"},{"taxonomy":"product_cat","embeddable":true,"href":"https:\/\/eterle.cz\/eshop\/wp-json\/wp\/v2\/product_cat?post=15775"},{"taxonomy":"product_tag","embeddable":true,"href":"https:\/\/eterle.cz\/eshop\/wp-json\/wp\/v2\/product_tag?post=15775"}],"curies":[{"name":"wp","href":"https:\/\/api.w.org\/{rel}","templated":true}]}}