{"id":15776,"date":"2023-10-20T20:26:30","date_gmt":"2023-10-20T18:26:30","guid":{"rendered":"https:\/\/eterle.cz\/eshop\/produkt\/pav-dux\/"},"modified":"2026-03-30T19:11:45","modified_gmt":"2026-03-30T17:11:45","slug":"pav-dux","status":"publish","type":"product","link":"https:\/\/eterle.cz\/eshop\/produkt\/pav-dux\/","title":{"rendered":"P\u00e1v \/ Dux"},"content":{"rendered":"<p>Porcel\u00e1nov\u00e1 glazovan\u00e1 so\u0161ka p\u00e1va podle n\u00e1vrhu v\u00fdtvarn\u00edka Jaroslava Je\u017eka pro Dux. Je\u017eek se zde sna\u017eil bez zbyte\u010dn\u00fdch detail\u016f zachytit esenci zobrazovan\u00e9ho zv\u00ed\u0159ete, v\u010detn\u011b jeho osobnostn\u00ed charakteristiky hrd\u00e9ho a\u017e py\u0161n\u00e9ho pt\u00e1ka.<\/p>\n<p>Jaroslav Je\u017eek z\u00edskal za sv\u00e9 dva n\u00e1vrhy (socha klisni\u010dka a h\u0159ebec, moka servis Elka) presti\u017en\u00ed ocen\u011bn\u00ed na v\u00fdstav\u011b EXPO 58. J. Je\u017eek vytvo\u0159il celou \u0159adu zv\u00ed\u0159ec\u00edch figurek a jejich \u00fasp\u011bch na Expu nastartoval vznik mnoha dal\u0161\u00edch a to i od jin\u00fdch v\u00fdtvarn\u00edk\u016f.<\/p>\n<p>Stav: perfektn\u00ed<br \/>\nZna\u010dka: Dux<br \/>\nRozm\u011br<br \/>\nV\u00fd\u0161ka: 17 cm<br \/>\nD\u00e9lka: 22 cm<br \/>\n\u0160\u00ed\u0159ka: 6,5 cm<\/p>\n","protected":false},"excerpt":{"rendered":"<p>Porcel\u00e1nov\u00e1 glazovan\u00e1 so\u0161ka p\u00e1va podle n\u00e1vrhu v\u00fdtvarn\u00edka Jaroslava Je\u017eka pro Dux. Je\u017eek se zde sna\u017eil bez zbyte\u010dn\u00fdch detail\u016f zachytit esenci<\/p>\n","protected":false},"featured_media":14876,"template":"","meta":[],"product_brand":[153],"product_cat":[80,136],"product_tag":[],"class_list":{"0":"post-15776","1":"product","2":"type-product","3":"status-publish","4":"has-post-thumbnail","6":"product_brand-eterle-cz","7":"product_cat-dekorace","8":"product_cat-sosky","10":"first","11":"instock","12":"purchasable","13":"product-type-simple"},"_links":{"self":[{"href":"https:\/\/eterle.cz\/eshop\/wp-json\/wp\/v2\/product\/15776","targetHints":{"allow":["GET"]}}],"collection":[{"href":"https:\/\/eterle.cz\/eshop\/wp-json\/wp\/v2\/product"}],"about":[{"href":"https:\/\/eterle.cz\/eshop\/wp-json\/wp\/v2\/types\/product"}],"version-history":[{"count":2,"href":"https:\/\/eterle.cz\/eshop\/wp-json\/wp\/v2\/product\/15776\/revisions"}],"predecessor-version":[{"id":35507,"href":"https:\/\/eterle.cz\/eshop\/wp-json\/wp\/v2\/product\/15776\/revisions\/35507"}],"wp:featuredmedia":[{"embeddable":true,"href":"https:\/\/eterle.cz\/eshop\/wp-json\/wp\/v2\/media\/14876"}],"wp:attachment":[{"href":"https:\/\/eterle.cz\/eshop\/wp-json\/wp\/v2\/media?parent=15776"}],"wp:term":[{"taxonomy":"product_brand","embeddable":true,"href":"https:\/\/eterle.cz\/eshop\/wp-json\/wp\/v2\/product_brand?post=15776"},{"taxonomy":"product_cat","embeddable":true,"href":"https:\/\/eterle.cz\/eshop\/wp-json\/wp\/v2\/product_cat?post=15776"},{"taxonomy":"product_tag","embeddable":true,"href":"https:\/\/eterle.cz\/eshop\/wp-json\/wp\/v2\/product_tag?post=15776"}],"curies":[{"name":"wp","href":"https:\/\/api.w.org\/{rel}","templated":true}]}}