{"id":15778,"date":"2023-10-20T20:26:42","date_gmt":"2023-10-20T18:26:42","guid":{"rendered":"https:\/\/eterle.cz\/eshop\/produkt\/labut-dux\/"},"modified":"2026-04-23T18:16:18","modified_gmt":"2026-04-23T16:16:18","slug":"labut-dux","status":"publish","type":"product","link":"https:\/\/eterle.cz\/eshop\/produkt\/labut-dux\/","title":{"rendered":"Labu\u0165 \/ Dux"},"content":{"rendered":"<p>Elegantn\u00ed so\u0161ka labut\u011b podle n\u00e1vrhu v\u00fdtvarn\u00edka Jaroslava Je\u017eka z roku 1963 pro Dux. Jaroslav Je\u017eek z\u00edskal za sv\u00e9 dva n\u00e1vrhy (socha klisni\u010dka a h\u0159ebec, moka servis Elka) presti\u017en\u00ed ocen\u011bn\u00ed na v\u00fdstav\u011b EXPO 58. J. Je\u017eek vytvo\u0159il celou \u0159adu zv\u00ed\u0159ec\u00edch figurek a jejich \u00fasp\u011bch na Expu nastartoval vznik mnoha dal\u0161\u00edch a to i od jin\u00fdch v\u00fdtvarn\u00edk\u016f.<\/p>\n<p>Stav: perfektn\u00ed<br \/>\nZna\u010dka: Dux, Jaroslav Je\u017eek<br \/>\nRozm\u011br<br \/>\nV\u00fd\u0161ka: 14,5 cm<br \/>\nD\u00e9lka: 19 cm<br \/>\n\u0160\u00ed\u0159ka: 6,5 cm<\/p>\n","protected":false},"excerpt":{"rendered":"<p>Elegantn\u00ed so\u0161ka labut\u011b podle n\u00e1vrhu v\u00fdtvarn\u00edka Jaroslava Je\u017eka z roku 1963 pro Dux. Jaroslav Je\u017eek z\u00edskal za sv\u00e9 dva n\u00e1vrhy<\/p>\n","protected":false},"featured_media":14886,"template":"","meta":[],"product_brand":[153],"product_cat":[80,136],"product_tag":[],"class_list":{"0":"post-15778","1":"product","2":"type-product","3":"status-publish","4":"has-post-thumbnail","6":"product_brand-eterle-cz","7":"product_cat-dekorace","8":"product_cat-sosky","10":"first","11":"instock","12":"purchasable","13":"product-type-simple"},"_links":{"self":[{"href":"https:\/\/eterle.cz\/eshop\/wp-json\/wp\/v2\/product\/15778","targetHints":{"allow":["GET"]}}],"collection":[{"href":"https:\/\/eterle.cz\/eshop\/wp-json\/wp\/v2\/product"}],"about":[{"href":"https:\/\/eterle.cz\/eshop\/wp-json\/wp\/v2\/types\/product"}],"version-history":[{"count":2,"href":"https:\/\/eterle.cz\/eshop\/wp-json\/wp\/v2\/product\/15778\/revisions"}],"predecessor-version":[{"id":26322,"href":"https:\/\/eterle.cz\/eshop\/wp-json\/wp\/v2\/product\/15778\/revisions\/26322"}],"wp:featuredmedia":[{"embeddable":true,"href":"https:\/\/eterle.cz\/eshop\/wp-json\/wp\/v2\/media\/14886"}],"wp:attachment":[{"href":"https:\/\/eterle.cz\/eshop\/wp-json\/wp\/v2\/media?parent=15778"}],"wp:term":[{"taxonomy":"product_brand","embeddable":true,"href":"https:\/\/eterle.cz\/eshop\/wp-json\/wp\/v2\/product_brand?post=15778"},{"taxonomy":"product_cat","embeddable":true,"href":"https:\/\/eterle.cz\/eshop\/wp-json\/wp\/v2\/product_cat?post=15778"},{"taxonomy":"product_tag","embeddable":true,"href":"https:\/\/eterle.cz\/eshop\/wp-json\/wp\/v2\/product_tag?post=15778"}],"curies":[{"name":"wp","href":"https:\/\/api.w.org\/{rel}","templated":true}]}}