{"id":15781,"date":"2023-10-20T20:27:01","date_gmt":"2023-10-20T18:27:01","guid":{"rendered":"https:\/\/eterle.cz\/eshop\/produkt\/lyzarka-dux\/"},"modified":"2026-04-13T14:57:49","modified_gmt":"2026-04-13T12:57:49","slug":"lyzarka-dux","status":"publish","type":"product","link":"https:\/\/eterle.cz\/eshop\/produkt\/lyzarka-dux\/","title":{"rendered":"Ly\u017ea\u0159ka \/ Dux"},"content":{"rendered":"<p>Ly\u017ea\u0159ka dle n\u00e1vrhu Elly Strobach K\u00f6nigov\u00e9 pro Royal Dux. Obl\u00edben\u00e9 figurky baculat\u00fdch d\u011bt\u00ed jsou cen\u011bn\u00fdmi polo\u017ekami v nab\u00eddk\u00e1ch auk\u010dn\u00edch s\u00edn\u00ed. K\u00f6nigov\u00e1 byla ve 30. a 40. letech minul\u00e9ho stolet\u00ed respektovanou firemn\u00ed kmenovou n\u00e1vrh\u00e1\u0159kou, \u00fasp\u011b\u0161n\u00e9 byly p\u0159edev\u0161\u00edm jej\u00ed n\u00e1vrhy ozdobn\u00e9ho a figur\u00e1ln\u00edho porcel\u00e1nu ve stylu Art deco.<\/p>\n<p>Stav: perfektn\u00ed<br \/>\nZna\u010dka: Dux<br \/>\nRozm\u011br<br \/>\nV\u00fd\u0161ka: 14,5 cm<br \/>\nPodstavec: 7,5 x 8,5 cm<\/p>\n","protected":false},"excerpt":{"rendered":"<p>Ly\u017ea\u0159ka dle n\u00e1vrhu Elly Strobach K\u00f6nigov\u00e9 pro Royal Dux. Obl\u00edben\u00e9 figurky baculat\u00fdch d\u011bt\u00ed jsou cen\u011bn\u00fdmi polo\u017ekami v nab\u00eddk\u00e1ch auk\u010dn\u00edch s\u00edn\u00ed.<\/p>\n","protected":false},"featured_media":14900,"template":"","meta":[],"product_brand":[153],"product_cat":[91],"product_tag":[],"class_list":{"0":"post-15781","1":"product","2":"type-product","3":"status-publish","4":"has-post-thumbnail","6":"product_brand-eterle-cz","7":"product_cat-prodane","9":"first","10":"outofstock","11":"purchasable","12":"product-type-simple"},"_links":{"self":[{"href":"https:\/\/eterle.cz\/eshop\/wp-json\/wp\/v2\/product\/15781","targetHints":{"allow":["GET"]}}],"collection":[{"href":"https:\/\/eterle.cz\/eshop\/wp-json\/wp\/v2\/product"}],"about":[{"href":"https:\/\/eterle.cz\/eshop\/wp-json\/wp\/v2\/types\/product"}],"version-history":[{"count":1,"href":"https:\/\/eterle.cz\/eshop\/wp-json\/wp\/v2\/product\/15781\/revisions"}],"predecessor-version":[{"id":26319,"href":"https:\/\/eterle.cz\/eshop\/wp-json\/wp\/v2\/product\/15781\/revisions\/26319"}],"wp:featuredmedia":[{"embeddable":true,"href":"https:\/\/eterle.cz\/eshop\/wp-json\/wp\/v2\/media\/14900"}],"wp:attachment":[{"href":"https:\/\/eterle.cz\/eshop\/wp-json\/wp\/v2\/media?parent=15781"}],"wp:term":[{"taxonomy":"product_brand","embeddable":true,"href":"https:\/\/eterle.cz\/eshop\/wp-json\/wp\/v2\/product_brand?post=15781"},{"taxonomy":"product_cat","embeddable":true,"href":"https:\/\/eterle.cz\/eshop\/wp-json\/wp\/v2\/product_cat?post=15781"},{"taxonomy":"product_tag","embeddable":true,"href":"https:\/\/eterle.cz\/eshop\/wp-json\/wp\/v2\/product_tag?post=15781"}],"curies":[{"name":"wp","href":"https:\/\/api.w.org\/{rel}","templated":true}]}}