{"id":15784,"date":"2023-10-20T20:27:24","date_gmt":"2023-10-20T18:27:24","guid":{"rendered":"https:\/\/eterle.cz\/eshop\/produkt\/sedici-kocka-dux-2\/"},"modified":"2025-02-16T02:53:17","modified_gmt":"2025-02-16T01:53:17","slug":"sedici-kocka-dux-2","status":"publish","type":"product","link":"https:\/\/eterle.cz\/eshop\/produkt\/sedici-kocka-dux-2\/","title":{"rendered":"Sed\u00edc\u00ed ko\u010dka \/ Dux"},"content":{"rendered":"<p>So\u0161ka sed\u00edc\u00ed ko\u010dky od v\u00fdtvarn\u00edka Jaroslava Je\u017eka pro Dux.  N\u00e1vrh poch\u00e1z\u00ed z konce 50. let minul\u00e9ho stolet\u00edt, kdy jsou t\u011bla tvo\u0159ena soustavou k\u0159ivek a z\u00e1m\u011brn\u011b jsou potla\u010deny nepodstatn\u00e9 detaily. Ko\u010dka nen\u00ed zachycena v pohybu, ale v elegantn\u00ed p\u00f3ze v sed\u011b.<\/p>\n<p>Stav: perfektn\u00ed<br \/>\nZna\u010dka: Dux<br \/>\nRozm\u011br<br \/>\nV\u00fd\u0161ka: 18 cm<br \/>\nD\u00e9lka: 9,5 cm<br \/>\n\u0160\u00ed\u0159ka: 7 cm<\/p>\n","protected":false},"excerpt":{"rendered":"<p>So\u0161ka sed\u00edc\u00ed ko\u010dky od v\u00fdtvarn\u00edka Jaroslava Je\u017eka pro Dux. N\u00e1vrh poch\u00e1z\u00ed z konce 50. let minul\u00e9ho stolet\u00edt, kdy jsou t\u011bla<\/p>\n","protected":false},"featured_media":14915,"template":"","meta":[],"product_brand":[153],"product_cat":[91],"product_tag":[],"class_list":{"0":"post-15784","1":"product","2":"type-product","3":"status-publish","4":"has-post-thumbnail","6":"product_brand-eterle-cz","7":"product_cat-prodane","9":"first","10":"outofstock","11":"purchasable","12":"product-type-simple"},"_links":{"self":[{"href":"https:\/\/eterle.cz\/eshop\/wp-json\/wp\/v2\/product\/15784","targetHints":{"allow":["GET"]}}],"collection":[{"href":"https:\/\/eterle.cz\/eshop\/wp-json\/wp\/v2\/product"}],"about":[{"href":"https:\/\/eterle.cz\/eshop\/wp-json\/wp\/v2\/types\/product"}],"version-history":[{"count":0,"href":"https:\/\/eterle.cz\/eshop\/wp-json\/wp\/v2\/product\/15784\/revisions"}],"wp:featuredmedia":[{"embeddable":true,"href":"https:\/\/eterle.cz\/eshop\/wp-json\/wp\/v2\/media\/14915"}],"wp:attachment":[{"href":"https:\/\/eterle.cz\/eshop\/wp-json\/wp\/v2\/media?parent=15784"}],"wp:term":[{"taxonomy":"product_brand","embeddable":true,"href":"https:\/\/eterle.cz\/eshop\/wp-json\/wp\/v2\/product_brand?post=15784"},{"taxonomy":"product_cat","embeddable":true,"href":"https:\/\/eterle.cz\/eshop\/wp-json\/wp\/v2\/product_cat?post=15784"},{"taxonomy":"product_tag","embeddable":true,"href":"https:\/\/eterle.cz\/eshop\/wp-json\/wp\/v2\/product_tag?post=15784"}],"curies":[{"name":"wp","href":"https:\/\/api.w.org\/{rel}","templated":true}]}}