{"id":15785,"date":"2023-10-20T20:27:29","date_gmt":"2023-10-20T18:27:29","guid":{"rendered":"https:\/\/eterle.cz\/eshop\/produkt\/volavky-dux\/"},"modified":"2025-02-16T02:53:17","modified_gmt":"2025-02-16T01:53:17","slug":"volavky-dux","status":"publish","type":"product","link":"https:\/\/eterle.cz\/eshop\/produkt\/volavky-dux\/","title":{"rendered":"Volavky \/ Dux"},"content":{"rendered":"<p>Elegantn\u00ed so\u0161ka volavek podle n\u00e1vrhu v\u00fdtvarn\u00edka Jaroslava Je\u017eka pro Dux. Volavky jsou asi nejabstraktn\u011bj\u0161\u00ed zv\u00ed\u0159ec\u00ed plastikou\u00a0Jaroslava Je\u017eka. Jde o so\u0161ku, kter\u00e1 sklidila \u00fasp\u011bch na\u00a0XII. Trien\u00e1le v Mil\u00e1n\u011b roku 1960. Pt\u00e1ci jsou velmi minimalisti\u010dt\u00ed bez jak\u00e9hokoliv detailu, p\u0159esto je snadn\u00e9 je rozpoznat. Zaj\u00edmav\u00e9 je, \u017ee d\u00edky rukod\u011bln\u00e9 pr\u00e1ci jsou u ka\u017ed\u00e9 plastiky pt\u00e1ci v\u016f\u010di sob\u011b v trochu jin\u00e9 poloze. Figurky volavek jsou vystaveny na v\u00fdstav\u011b Bruselsk\u00fd sen.<\/p>\n<p>Stav: mal\u00fd kaz z v\u00fdroby<br \/>\nZna\u010dka: Dux<br \/>\nRozm\u011br<br \/>\nV\u00fd\u0161ka: 39 cm<br \/>\nD\u00e9lka: 14 cm<br \/>\n\u0160\u00ed\u0159ka: 10 cm<\/p>\n","protected":false},"excerpt":{"rendered":"<p>Elegantn\u00ed so\u0161ka volavek podle n\u00e1vrhu v\u00fdtvarn\u00edka Jaroslava Je\u017eka pro Dux. Volavky jsou asi nejabstraktn\u011bj\u0161\u00ed zv\u00ed\u0159ec\u00ed plastikou\u00a0Jaroslava Je\u017eka. Jde o so\u0161ku,<\/p>\n","protected":false},"featured_media":14919,"template":"","meta":[],"product_brand":[153],"product_cat":[91],"product_tag":[],"class_list":{"0":"post-15785","1":"product","2":"type-product","3":"status-publish","4":"has-post-thumbnail","6":"product_brand-eterle-cz","7":"product_cat-prodane","9":"first","10":"outofstock","11":"purchasable","12":"product-type-simple"},"_links":{"self":[{"href":"https:\/\/eterle.cz\/eshop\/wp-json\/wp\/v2\/product\/15785","targetHints":{"allow":["GET"]}}],"collection":[{"href":"https:\/\/eterle.cz\/eshop\/wp-json\/wp\/v2\/product"}],"about":[{"href":"https:\/\/eterle.cz\/eshop\/wp-json\/wp\/v2\/types\/product"}],"version-history":[{"count":1,"href":"https:\/\/eterle.cz\/eshop\/wp-json\/wp\/v2\/product\/15785\/revisions"}],"predecessor-version":[{"id":16749,"href":"https:\/\/eterle.cz\/eshop\/wp-json\/wp\/v2\/product\/15785\/revisions\/16749"}],"wp:featuredmedia":[{"embeddable":true,"href":"https:\/\/eterle.cz\/eshop\/wp-json\/wp\/v2\/media\/14919"}],"wp:attachment":[{"href":"https:\/\/eterle.cz\/eshop\/wp-json\/wp\/v2\/media?parent=15785"}],"wp:term":[{"taxonomy":"product_brand","embeddable":true,"href":"https:\/\/eterle.cz\/eshop\/wp-json\/wp\/v2\/product_brand?post=15785"},{"taxonomy":"product_cat","embeddable":true,"href":"https:\/\/eterle.cz\/eshop\/wp-json\/wp\/v2\/product_cat?post=15785"},{"taxonomy":"product_tag","embeddable":true,"href":"https:\/\/eterle.cz\/eshop\/wp-json\/wp\/v2\/product_tag?post=15785"}],"curies":[{"name":"wp","href":"https:\/\/api.w.org\/{rel}","templated":true}]}}