{"id":15789,"date":"2023-10-20T20:27:55","date_gmt":"2023-10-20T18:27:55","guid":{"rendered":"https:\/\/eterle.cz\/eshop\/produkt\/hroch-dux\/"},"modified":"2025-03-12T15:17:47","modified_gmt":"2025-03-12T14:17:47","slug":"hroch-dux","status":"publish","type":"product","link":"https:\/\/eterle.cz\/eshop\/produkt\/hroch-dux\/","title":{"rendered":"Hroch \/ Dux"},"content":{"rendered":"<p>So\u0161ka hrocha z porcel\u00e1nky Royal Dux, kter\u00fd je kolorovan\u00fd speci\u00e1ln\u00ed technikou n\u00e1st\u0159iku a jeho\u017e detaily jsou n\u00e1sledn\u011b domalov\u00e1ny. Tato metoda barven\u00ed dod\u00e1v\u00e1 so\u0161ce realisti\u010dt\u011bj\u0161\u00ed vzhled.<\/p>\n<p>Stav: perfektn\u00ed<br \/>\nZna\u010dka: Dux<br \/>\nRozm\u011br<br \/>\nV\u00fd\u0161ka: 13,5 cm<br \/>\nD\u00e9lka: 34 cm<br \/>\n\u0160\u00ed\u0159ka: 9 cm<\/p>\n","protected":false},"excerpt":{"rendered":"<p>So\u0161ka hrocha z porcel\u00e1nky Royal Dux, kter\u00fd je kolorovan\u00fd speci\u00e1ln\u00ed technikou n\u00e1st\u0159iku a jeho\u017e detaily jsou n\u00e1sledn\u011b domalov\u00e1ny. Tato metoda<\/p>\n","protected":false},"featured_media":14941,"template":"","meta":[],"product_brand":[153],"product_cat":[91],"product_tag":[],"class_list":{"0":"post-15789","1":"product","2":"type-product","3":"status-publish","4":"has-post-thumbnail","6":"product_brand-eterle-cz","7":"product_cat-prodane","9":"first","10":"outofstock","11":"purchasable","12":"product-type-simple"},"_links":{"self":[{"href":"https:\/\/eterle.cz\/eshop\/wp-json\/wp\/v2\/product\/15789","targetHints":{"allow":["GET"]}}],"collection":[{"href":"https:\/\/eterle.cz\/eshop\/wp-json\/wp\/v2\/product"}],"about":[{"href":"https:\/\/eterle.cz\/eshop\/wp-json\/wp\/v2\/types\/product"}],"version-history":[{"count":0,"href":"https:\/\/eterle.cz\/eshop\/wp-json\/wp\/v2\/product\/15789\/revisions"}],"wp:featuredmedia":[{"embeddable":true,"href":"https:\/\/eterle.cz\/eshop\/wp-json\/wp\/v2\/media\/14941"}],"wp:attachment":[{"href":"https:\/\/eterle.cz\/eshop\/wp-json\/wp\/v2\/media?parent=15789"}],"wp:term":[{"taxonomy":"product_brand","embeddable":true,"href":"https:\/\/eterle.cz\/eshop\/wp-json\/wp\/v2\/product_brand?post=15789"},{"taxonomy":"product_cat","embeddable":true,"href":"https:\/\/eterle.cz\/eshop\/wp-json\/wp\/v2\/product_cat?post=15789"},{"taxonomy":"product_tag","embeddable":true,"href":"https:\/\/eterle.cz\/eshop\/wp-json\/wp\/v2\/product_tag?post=15789"}],"curies":[{"name":"wp","href":"https:\/\/api.w.org\/{rel}","templated":true}]}}