{"id":15791,"date":"2023-10-20T20:28:05","date_gmt":"2023-10-20T18:28:05","guid":{"rendered":"https:\/\/eterle.cz\/eshop\/produkt\/zidle-v-boucle\/"},"modified":"2025-06-24T01:53:51","modified_gmt":"2025-06-23T23:53:51","slug":"zidle-v-boucle","status":"publish","type":"product","link":"https:\/\/eterle.cz\/eshop\/produkt\/zidle-v-boucle\/","title":{"rendered":"\u017didle v boucl\u00e9"},"content":{"rendered":"<p>Nov\u011b \u010daloun\u011bn\u00e1 \u017eidle bruselsk\u00e9ho stylu v nyn\u00ed popul\u00e1rn\u00ed l\u00e1tce tzv. bukl\u00e9 v odra\u017e\u00e9n\u00e9 b\u00edl\u00e9 barv\u011b, kter\u00e1 je v kr\u00e1sn\u00e9m kontrastu s tmav\u011bhn\u011bd\u00fdmi nohami.<\/p>\n<p>Stav: nov\u00e9 \u010daloun\u011bn\u00ed, d\u0159evo p\u016fvodn\u00ed v dobr\u00e9m stavu<br \/>\nRozm\u011br<br \/>\nV\u00fd\u0161ka celkov\u00e1: 83 cm<br \/>\nV\u00fd\u0161ka sed\u00e1ku: 44 cm<br \/>\n\u0160\u00ed\u0159ka: 45,5 cm<\/p>\n","protected":false},"excerpt":{"rendered":"<p>Nov\u011b \u010daloun\u011bn\u00e1 \u017eidle bruselsk\u00e9ho stylu v nyn\u00ed popul\u00e1rn\u00ed l\u00e1tce tzv. bukl\u00e9 v odra\u017e\u00e9n\u00e9 b\u00edl\u00e9 barv\u011b, kter\u00e1 je v kr\u00e1sn\u00e9m kontrastu<\/p>\n","protected":false},"featured_media":14950,"template":"","meta":[],"product_brand":[153],"product_cat":[130,121],"product_tag":[],"class_list":{"0":"post-15791","1":"product","2":"type-product","3":"status-publish","4":"has-post-thumbnail","6":"product_brand-eterle-cz","7":"product_cat-nabytek","8":"product_cat-zidle","9":"product_shipping_class-nadrozmerne","11":"first","12":"instock","13":"purchasable","14":"product-type-simple"},"_links":{"self":[{"href":"https:\/\/eterle.cz\/eshop\/wp-json\/wp\/v2\/product\/15791","targetHints":{"allow":["GET"]}}],"collection":[{"href":"https:\/\/eterle.cz\/eshop\/wp-json\/wp\/v2\/product"}],"about":[{"href":"https:\/\/eterle.cz\/eshop\/wp-json\/wp\/v2\/types\/product"}],"version-history":[{"count":1,"href":"https:\/\/eterle.cz\/eshop\/wp-json\/wp\/v2\/product\/15791\/revisions"}],"predecessor-version":[{"id":26316,"href":"https:\/\/eterle.cz\/eshop\/wp-json\/wp\/v2\/product\/15791\/revisions\/26316"}],"wp:featuredmedia":[{"embeddable":true,"href":"https:\/\/eterle.cz\/eshop\/wp-json\/wp\/v2\/media\/14950"}],"wp:attachment":[{"href":"https:\/\/eterle.cz\/eshop\/wp-json\/wp\/v2\/media?parent=15791"}],"wp:term":[{"taxonomy":"product_brand","embeddable":true,"href":"https:\/\/eterle.cz\/eshop\/wp-json\/wp\/v2\/product_brand?post=15791"},{"taxonomy":"product_cat","embeddable":true,"href":"https:\/\/eterle.cz\/eshop\/wp-json\/wp\/v2\/product_cat?post=15791"},{"taxonomy":"product_tag","embeddable":true,"href":"https:\/\/eterle.cz\/eshop\/wp-json\/wp\/v2\/product_tag?post=15791"}],"curies":[{"name":"wp","href":"https:\/\/api.w.org\/{rel}","templated":true}]}}