{"id":15792,"date":"2023-10-20T20:28:11","date_gmt":"2023-10-20T18:28:11","guid":{"rendered":"https:\/\/eterle.cz\/eshop\/produkt\/kresilko-thonet-2\/"},"modified":"2026-01-24T14:49:03","modified_gmt":"2026-01-24T13:49:03","slug":"kresilko-thonet-2","status":"publish","type":"product","link":"https:\/\/eterle.cz\/eshop\/produkt\/kresilko-thonet-2\/","title":{"rendered":"K\u0159es\u00edlko \/ Thonet"},"content":{"rendered":"<p>Kr\u00e1sn\u00e9 vzdu\u0161n\u00e9 k\u0159es\u00edlko od zna\u010dky Thonet z 90. let minul\u00e9ho stolet\u00ed. Bude vypadat dob\u0159e u psac\u00edho stolu i jako solit\u00e9r v ob\u00fdvac\u00edm \u010di jin\u00e9m pokoji.<\/p>\n<p>Stav: zachoval\u00fd p\u016fvodn\u00ed stav<br \/>\nRozm\u011br<br \/>\nV\u00fd\u0161ka celkov\u00e1: 80 cm<br \/>\nV\u00fd\u0161ka sed\u00e1ku: 47 cm<br \/>\nHloubka sed\u00e1ku: 47 cm<br \/>\n\u0160\u00ed\u0159ka: 56 cm<\/p>\n","protected":false},"excerpt":{"rendered":"<p>Kr\u00e1sn\u00e9 vzdu\u0161n\u00e9 k\u0159es\u00edlko od zna\u010dky Thonet z 90. let minul\u00e9ho stolet\u00ed. Bude vypadat dob\u0159e u psac\u00edho stolu i jako solit\u00e9r<\/p>\n","protected":false},"featured_media":14959,"template":"","meta":[],"product_brand":[153],"product_cat":[91],"product_tag":[],"class_list":{"0":"post-15792","1":"product","2":"type-product","3":"status-publish","4":"has-post-thumbnail","6":"product_brand-eterle-cz","7":"product_cat-prodane","8":"product_shipping_class-nadrozmerne","10":"first","11":"outofstock","12":"purchasable","13":"product-type-simple"},"_links":{"self":[{"href":"https:\/\/eterle.cz\/eshop\/wp-json\/wp\/v2\/product\/15792","targetHints":{"allow":["GET"]}}],"collection":[{"href":"https:\/\/eterle.cz\/eshop\/wp-json\/wp\/v2\/product"}],"about":[{"href":"https:\/\/eterle.cz\/eshop\/wp-json\/wp\/v2\/types\/product"}],"version-history":[{"count":1,"href":"https:\/\/eterle.cz\/eshop\/wp-json\/wp\/v2\/product\/15792\/revisions"}],"predecessor-version":[{"id":24588,"href":"https:\/\/eterle.cz\/eshop\/wp-json\/wp\/v2\/product\/15792\/revisions\/24588"}],"wp:featuredmedia":[{"embeddable":true,"href":"https:\/\/eterle.cz\/eshop\/wp-json\/wp\/v2\/media\/14959"}],"wp:attachment":[{"href":"https:\/\/eterle.cz\/eshop\/wp-json\/wp\/v2\/media?parent=15792"}],"wp:term":[{"taxonomy":"product_brand","embeddable":true,"href":"https:\/\/eterle.cz\/eshop\/wp-json\/wp\/v2\/product_brand?post=15792"},{"taxonomy":"product_cat","embeddable":true,"href":"https:\/\/eterle.cz\/eshop\/wp-json\/wp\/v2\/product_cat?post=15792"},{"taxonomy":"product_tag","embeddable":true,"href":"https:\/\/eterle.cz\/eshop\/wp-json\/wp\/v2\/product_tag?post=15792"}],"curies":[{"name":"wp","href":"https:\/\/api.w.org\/{rel}","templated":true}]}}