{"id":15793,"date":"2023-10-20T20:28:18","date_gmt":"2023-10-20T18:28:18","guid":{"rendered":"https:\/\/eterle.cz\/eshop\/produkt\/komoda-u-450-jiroutek-2\/"},"modified":"2025-05-23T20:41:33","modified_gmt":"2025-05-23T18:41:33","slug":"komoda-u-450-jiroutek-2","status":"publish","type":"product","link":"https:\/\/eterle.cz\/eshop\/produkt\/komoda-u-450-jiroutek-2\/","title":{"rendered":"Komoda U-450 \/ Jiroutek"},"content":{"rendered":"<p>Origin\u00e1ln\u00ed retro sk\u0159\u00ed\u0148ka U-450 ze s\u00e9rie sektorov\u00e9ho n\u00e1bytku vyr\u00e1b\u011bn\u00e9ho v 60. letech v n\u00e1rodn\u00edm podniku Interi\u00e9r Praha podle n\u00e1vrhu\u00a0Ji\u0159\u00edho Jiroutka. Jedn\u00e1 se o spodn\u00ed sk\u0159\u00ed\u0148ku posazenou na podno\u017e\u00ed s \u0161ikm\u00fdmi no\u017ekami. Materi\u00e1l p\u0159\u00edrodn\u00ed mo\u0159en\u00fd dub. Komody tohoto typu byly tak\u00e9 vystaveny na proslul\u00e9m veletrhu Expo 58 v Bruselu.<\/p>\n<p>Stav: zachoval\u00fd p\u016fvodn\u00ed stav, lehk\u00e1 kola od vody,<br \/>\nRozm\u011br<br \/>\nV\u00fd\u0161ka celkov\u00e1: 76 cm<br \/>\nHloubka: 45 cm<br \/>\n\u0160\u00ed\u0159ka: 110 cm<\/p>\n","protected":false},"excerpt":{"rendered":"<p>Origin\u00e1ln\u00ed retro sk\u0159\u00ed\u0148ka U-450 ze s\u00e9rie sektorov\u00e9ho n\u00e1bytku vyr\u00e1b\u011bn\u00e9ho v 60. letech v n\u00e1rodn\u00edm podniku Interi\u00e9r Praha podle n\u00e1vrhu\u00a0Ji\u0159\u00edho Jiroutka.<\/p>\n","protected":false},"featured_media":14968,"template":"","meta":[],"product_brand":[153],"product_cat":[91],"product_tag":[],"class_list":{"0":"post-15793","1":"product","2":"type-product","3":"status-publish","4":"has-post-thumbnail","6":"product_brand-eterle-cz","7":"product_cat-prodane","8":"product_shipping_class-nadrozmerne","10":"first","11":"outofstock","12":"purchasable","13":"product-type-simple"},"_links":{"self":[{"href":"https:\/\/eterle.cz\/eshop\/wp-json\/wp\/v2\/product\/15793","targetHints":{"allow":["GET"]}}],"collection":[{"href":"https:\/\/eterle.cz\/eshop\/wp-json\/wp\/v2\/product"}],"about":[{"href":"https:\/\/eterle.cz\/eshop\/wp-json\/wp\/v2\/types\/product"}],"version-history":[{"count":1,"href":"https:\/\/eterle.cz\/eshop\/wp-json\/wp\/v2\/product\/15793\/revisions"}],"predecessor-version":[{"id":24581,"href":"https:\/\/eterle.cz\/eshop\/wp-json\/wp\/v2\/product\/15793\/revisions\/24581"}],"wp:featuredmedia":[{"embeddable":true,"href":"https:\/\/eterle.cz\/eshop\/wp-json\/wp\/v2\/media\/14968"}],"wp:attachment":[{"href":"https:\/\/eterle.cz\/eshop\/wp-json\/wp\/v2\/media?parent=15793"}],"wp:term":[{"taxonomy":"product_brand","embeddable":true,"href":"https:\/\/eterle.cz\/eshop\/wp-json\/wp\/v2\/product_brand?post=15793"},{"taxonomy":"product_cat","embeddable":true,"href":"https:\/\/eterle.cz\/eshop\/wp-json\/wp\/v2\/product_cat?post=15793"},{"taxonomy":"product_tag","embeddable":true,"href":"https:\/\/eterle.cz\/eshop\/wp-json\/wp\/v2\/product_tag?post=15793"}],"curies":[{"name":"wp","href":"https:\/\/api.w.org\/{rel}","templated":true}]}}