{"id":15798,"date":"2023-10-20T20:28:48","date_gmt":"2023-10-20T18:28:48","guid":{"rendered":"https:\/\/eterle.cz\/eshop\/produkt\/set-4-jidelnich-zidli\/"},"modified":"2025-06-24T01:53:49","modified_gmt":"2025-06-23T23:53:49","slug":"set-4-jidelnich-zidli","status":"publish","type":"product","link":"https:\/\/eterle.cz\/eshop\/produkt\/set-4-jidelnich-zidli\/","title":{"rendered":"Set 4 j\u00eddeln\u00edch \u017eidl\u00ed"},"content":{"rendered":"<p>Byteln\u00e9 j\u00eddeln\u00ed \u017eidle u kter\u00fdch sta\u010d\u00ed vym\u011bnit \u010daloun\u011bn\u00ed za modern\u011bj\u0161\u00ed a ze socialisticky vyhl\u00ed\u017eej\u00edc\u00edch \u017eidl\u00ed bude kr\u00e1sn\u00fd kvalitn\u00ed kousek. V\u00fdm\u011bna je snadna, sed\u00e1k je vyndavac\u00ed, kutilov\u00e9 zvl\u00e1dnou doma.<\/p>\n<p>Stav: dobr\u00fd, p\u016fvodn\u00ed stav. Jedna \u017eidle vykousnut\u00fd kus d\u0159eva u sed\u00e1ku<br \/>\nRozm\u011br<br \/>\nV\u00fd\u0161ka: 82 cm<br \/>\n\u0160\u00ed\u0159ka: 42 cm<br \/>\nHloubka: 45 cm<\/p>\n","protected":false},"excerpt":{"rendered":"<p>Byteln\u00e9 j\u00eddeln\u00ed \u017eidle u kter\u00fdch sta\u010d\u00ed vym\u011bnit \u010daloun\u011bn\u00ed za modern\u011bj\u0161\u00ed a ze socialisticky vyhl\u00ed\u017eej\u00edc\u00edch \u017eidl\u00ed bude kr\u00e1sn\u00fd kvalitn\u00ed kousek. V\u00fdm\u011bna<\/p>\n","protected":false},"featured_media":15015,"template":"","meta":[],"product_brand":[153],"product_cat":[130,121],"product_tag":[],"class_list":{"0":"post-15798","1":"product","2":"type-product","3":"status-publish","4":"has-post-thumbnail","6":"product_brand-eterle-cz","7":"product_cat-nabytek","8":"product_cat-zidle","9":"product_shipping_class-nadrozmerne","11":"first","12":"instock","13":"purchasable","14":"product-type-simple"},"_links":{"self":[{"href":"https:\/\/eterle.cz\/eshop\/wp-json\/wp\/v2\/product\/15798","targetHints":{"allow":["GET"]}}],"collection":[{"href":"https:\/\/eterle.cz\/eshop\/wp-json\/wp\/v2\/product"}],"about":[{"href":"https:\/\/eterle.cz\/eshop\/wp-json\/wp\/v2\/types\/product"}],"version-history":[{"count":1,"href":"https:\/\/eterle.cz\/eshop\/wp-json\/wp\/v2\/product\/15798\/revisions"}],"predecessor-version":[{"id":26313,"href":"https:\/\/eterle.cz\/eshop\/wp-json\/wp\/v2\/product\/15798\/revisions\/26313"}],"wp:featuredmedia":[{"embeddable":true,"href":"https:\/\/eterle.cz\/eshop\/wp-json\/wp\/v2\/media\/15015"}],"wp:attachment":[{"href":"https:\/\/eterle.cz\/eshop\/wp-json\/wp\/v2\/media?parent=15798"}],"wp:term":[{"taxonomy":"product_brand","embeddable":true,"href":"https:\/\/eterle.cz\/eshop\/wp-json\/wp\/v2\/product_brand?post=15798"},{"taxonomy":"product_cat","embeddable":true,"href":"https:\/\/eterle.cz\/eshop\/wp-json\/wp\/v2\/product_cat?post=15798"},{"taxonomy":"product_tag","embeddable":true,"href":"https:\/\/eterle.cz\/eshop\/wp-json\/wp\/v2\/product_tag?post=15798"}],"curies":[{"name":"wp","href":"https:\/\/api.w.org\/{rel}","templated":true}]}}