{"id":15799,"date":"2023-10-20T20:28:53","date_gmt":"2023-10-20T18:28:53","guid":{"rendered":"https:\/\/eterle.cz\/eshop\/produkt\/set-4-jidelnich-zidli-s-vypletem\/"},"modified":"2025-02-16T02:53:11","modified_gmt":"2025-02-16T01:53:11","slug":"set-4-jidelnich-zidli-s-vypletem","status":"publish","type":"product","link":"https:\/\/eterle.cz\/eshop\/produkt\/set-4-jidelnich-zidli-s-vypletem\/","title":{"rendered":"J\u00eddeln\u00ed \u017eidle s v\u00fdpletem"},"content":{"rendered":"<p>N\u00e1mi velmi obl\u00edben\u00e9 \u017eidle s v\u00fdpletem v kombinaci s \u010dernou ko\u017eenkou. Na prvn\u00ed pohled zaujmou p\u0159edev\u0161\u00edm nev\u0161edn\u00edm op\u011bradlem a p\u016fsob\u00ed d\u00edky n\u011bmu lehce a vzdu\u0161n\u011b.<\/p>\n<p>Stav: dobr\u00fd p\u016fvodn\u00ed stav, d\u0159evo s patinou, v\u00fdplet v po\u0159\u00e1dku, jedna \u017eidle nov\u00fd v\u00fdplet. Na jedn\u00e9 \u017eidli v p\u0159edu mal\u00e1 d\u00edrka v \u010daloun\u011bn\u00ed<br \/>\nRozm\u011br<br \/>\nV\u00fd\u0161ka: 82 cm<br \/>\n\u0160\u00ed\u0159ka: 42 cm<br \/>\nHloubka: 42 cm<\/p>\n","protected":false},"excerpt":{"rendered":"<p>N\u00e1mi velmi obl\u00edben\u00e9 \u017eidle s v\u00fdpletem v kombinaci s \u010dernou ko\u017eenkou. Na prvn\u00ed pohled zaujmou p\u0159edev\u0161\u00edm nev\u0161edn\u00edm op\u011bradlem a p\u016fsob\u00ed<\/p>\n","protected":false},"featured_media":15025,"template":"","meta":[],"product_brand":[153],"product_cat":[91],"product_tag":[],"class_list":{"0":"post-15799","1":"product","2":"type-product","3":"status-publish","4":"has-post-thumbnail","6":"product_brand-eterle-cz","7":"product_cat-prodane","8":"product_shipping_class-nadrozmerne","10":"first","11":"outofstock","12":"purchasable","13":"product-type-simple"},"_links":{"self":[{"href":"https:\/\/eterle.cz\/eshop\/wp-json\/wp\/v2\/product\/15799","targetHints":{"allow":["GET"]}}],"collection":[{"href":"https:\/\/eterle.cz\/eshop\/wp-json\/wp\/v2\/product"}],"about":[{"href":"https:\/\/eterle.cz\/eshop\/wp-json\/wp\/v2\/types\/product"}],"version-history":[{"count":0,"href":"https:\/\/eterle.cz\/eshop\/wp-json\/wp\/v2\/product\/15799\/revisions"}],"wp:featuredmedia":[{"embeddable":true,"href":"https:\/\/eterle.cz\/eshop\/wp-json\/wp\/v2\/media\/15025"}],"wp:attachment":[{"href":"https:\/\/eterle.cz\/eshop\/wp-json\/wp\/v2\/media?parent=15799"}],"wp:term":[{"taxonomy":"product_brand","embeddable":true,"href":"https:\/\/eterle.cz\/eshop\/wp-json\/wp\/v2\/product_brand?post=15799"},{"taxonomy":"product_cat","embeddable":true,"href":"https:\/\/eterle.cz\/eshop\/wp-json\/wp\/v2\/product_cat?post=15799"},{"taxonomy":"product_tag","embeddable":true,"href":"https:\/\/eterle.cz\/eshop\/wp-json\/wp\/v2\/product_tag?post=15799"}],"curies":[{"name":"wp","href":"https:\/\/api.w.org\/{rel}","templated":true}]}}