{"id":15801,"date":"2023-10-20T20:29:03","date_gmt":"2023-10-20T18:29:03","guid":{"rendered":"https:\/\/eterle.cz\/eshop\/produkt\/set-4-jidelnich-zidli-2\/"},"modified":"2025-08-07T22:37:49","modified_gmt":"2025-08-07T20:37:49","slug":"set-4-jidelnich-zidli-2","status":"publish","type":"product","link":"https:\/\/eterle.cz\/eshop\/produkt\/set-4-jidelnich-zidli-2\/","title":{"rendered":"Set 4 j\u00eddeln\u00edch \u017eidl\u00ed"},"content":{"rendered":"<p>Set 4 j\u00eddeln\u00edch \u017eidl\u00ed s vy\u0161\u0161\u00edm op\u011bradlem z 2. poloviny minul\u00e9ho stolet\u00ed.<\/p>\n<p>Stav: zachoval\u00fd p\u016fvodn\u00ed stav<br \/>\nRozm\u011br<br \/>\nV\u00fd\u0161ka: 87 cm<br \/>\n\u0160\u00ed\u0159ka: 39 cm<br \/>\nHloubka: 45 cm<\/p>\n","protected":false},"excerpt":{"rendered":"<p>Set 4 j\u00eddeln\u00edch \u017eidl\u00ed s vy\u0161\u0161\u00edm op\u011bradlem z 2. poloviny minul\u00e9ho stolet\u00ed. Stav: zachoval\u00fd p\u016fvodn\u00ed stav Rozm\u011br V\u00fd\u0161ka: 87 cm<\/p>\n","protected":false},"featured_media":15043,"template":"","meta":[],"product_brand":[153],"product_cat":[91],"product_tag":[],"class_list":{"0":"post-15801","1":"product","2":"type-product","3":"status-publish","4":"has-post-thumbnail","6":"product_brand-eterle-cz","7":"product_cat-prodane","8":"product_shipping_class-nadrozmerne","10":"first","11":"outofstock","12":"purchasable","13":"product-type-simple"},"_links":{"self":[{"href":"https:\/\/eterle.cz\/eshop\/wp-json\/wp\/v2\/product\/15801","targetHints":{"allow":["GET"]}}],"collection":[{"href":"https:\/\/eterle.cz\/eshop\/wp-json\/wp\/v2\/product"}],"about":[{"href":"https:\/\/eterle.cz\/eshop\/wp-json\/wp\/v2\/types\/product"}],"version-history":[{"count":1,"href":"https:\/\/eterle.cz\/eshop\/wp-json\/wp\/v2\/product\/15801\/revisions"}],"predecessor-version":[{"id":26311,"href":"https:\/\/eterle.cz\/eshop\/wp-json\/wp\/v2\/product\/15801\/revisions\/26311"}],"wp:featuredmedia":[{"embeddable":true,"href":"https:\/\/eterle.cz\/eshop\/wp-json\/wp\/v2\/media\/15043"}],"wp:attachment":[{"href":"https:\/\/eterle.cz\/eshop\/wp-json\/wp\/v2\/media?parent=15801"}],"wp:term":[{"taxonomy":"product_brand","embeddable":true,"href":"https:\/\/eterle.cz\/eshop\/wp-json\/wp\/v2\/product_brand?post=15801"},{"taxonomy":"product_cat","embeddable":true,"href":"https:\/\/eterle.cz\/eshop\/wp-json\/wp\/v2\/product_cat?post=15801"},{"taxonomy":"product_tag","embeddable":true,"href":"https:\/\/eterle.cz\/eshop\/wp-json\/wp\/v2\/product_tag?post=15801"}],"curies":[{"name":"wp","href":"https:\/\/api.w.org\/{rel}","templated":true}]}}