{"id":15802,"date":"2023-10-20T20:29:08","date_gmt":"2023-10-20T18:29:08","guid":{"rendered":"https:\/\/eterle.cz\/eshop\/produkt\/set-4-jidelnich-zidli-ton\/"},"modified":"2025-10-14T23:27:11","modified_gmt":"2025-10-14T21:27:11","slug":"set-4-jidelnich-zidli-ton","status":"publish","type":"product","link":"https:\/\/eterle.cz\/eshop\/produkt\/set-4-jidelnich-zidli-ton\/","title":{"rendered":"Set 4 j\u00eddeln\u00edch \u017eidl\u00ed \/ Ton"},"content":{"rendered":"<p>Set 4 j\u00eddeln\u00edch \u017eidl\u00ed zna\u010dky Ton ve sv\u011btl\u00e9m odst\u00ednu d\u0159eva. Zna\u010dka Ton zaru\u010duje vysokou kvalitu proveden\u00ed.<\/p>\n<p>Stav: zachoval\u00fd p\u016fvodn\u00ed stav<br \/>\nZna\u010dka: TON<br \/>\nRozm\u011br<br \/>\nV\u00fd\u0161ka: 80 cm<br \/>\n\u0160\u00ed\u0159ka: 42 cm<br \/>\nHloubka: 53 cm<\/p>\n","protected":false},"excerpt":{"rendered":"<p>Set 4 j\u00eddeln\u00edch \u017eidl\u00ed zna\u010dky Ton ve sv\u011btl\u00e9m odst\u00ednu d\u0159eva. Zna\u010dka Ton zaru\u010duje vysokou kvalitu proveden\u00ed. Stav: zachoval\u00fd p\u016fvodn\u00ed stav<\/p>\n","protected":false},"featured_media":15053,"template":"","meta":[],"product_brand":[153],"product_cat":[91],"product_tag":[],"class_list":{"0":"post-15802","1":"product","2":"type-product","3":"status-publish","4":"has-post-thumbnail","6":"product_brand-eterle-cz","7":"product_cat-prodane","8":"product_shipping_class-nadrozmerne","10":"first","11":"outofstock","12":"purchasable","13":"product-type-simple"},"_links":{"self":[{"href":"https:\/\/eterle.cz\/eshop\/wp-json\/wp\/v2\/product\/15802","targetHints":{"allow":["GET"]}}],"collection":[{"href":"https:\/\/eterle.cz\/eshop\/wp-json\/wp\/v2\/product"}],"about":[{"href":"https:\/\/eterle.cz\/eshop\/wp-json\/wp\/v2\/types\/product"}],"version-history":[{"count":1,"href":"https:\/\/eterle.cz\/eshop\/wp-json\/wp\/v2\/product\/15802\/revisions"}],"predecessor-version":[{"id":26310,"href":"https:\/\/eterle.cz\/eshop\/wp-json\/wp\/v2\/product\/15802\/revisions\/26310"}],"wp:featuredmedia":[{"embeddable":true,"href":"https:\/\/eterle.cz\/eshop\/wp-json\/wp\/v2\/media\/15053"}],"wp:attachment":[{"href":"https:\/\/eterle.cz\/eshop\/wp-json\/wp\/v2\/media?parent=15802"}],"wp:term":[{"taxonomy":"product_brand","embeddable":true,"href":"https:\/\/eterle.cz\/eshop\/wp-json\/wp\/v2\/product_brand?post=15802"},{"taxonomy":"product_cat","embeddable":true,"href":"https:\/\/eterle.cz\/eshop\/wp-json\/wp\/v2\/product_cat?post=15802"},{"taxonomy":"product_tag","embeddable":true,"href":"https:\/\/eterle.cz\/eshop\/wp-json\/wp\/v2\/product_tag?post=15802"}],"curies":[{"name":"wp","href":"https:\/\/api.w.org\/{rel}","templated":true}]}}