{"id":15804,"date":"2023-10-20T20:29:20","date_gmt":"2023-10-20T18:29:20","guid":{"rendered":"https:\/\/eterle.cz\/eshop\/produkt\/jidelni-zidle-art-deco\/"},"modified":"2025-06-24T01:53:48","modified_gmt":"2025-06-23T23:53:48","slug":"jidelni-zidle-art-deco","status":"publish","type":"product","link":"https:\/\/eterle.cz\/eshop\/produkt\/jidelni-zidle-art-deco\/","title":{"rendered":"J\u00eddeln\u00ed \u017eidle art deco"},"content":{"rendered":"<p>Robusn\u00ed p\u0159itom velmi elegantn\u00ed j\u00eddlen\u00ed \u017eidle ve stylu art deco. Zaj\u00edmav\u00fd detail tvo\u0159\u00ed vsazen\u00ed op\u011bradla. \u017didle snese jak v\u00fdrazn\u011bj\u0161\u00ed \u010dalounn\u011b\u00ed se vzorem, tak minimalisti\u010dt\u011bj\u0161\u00ed verzi jednobarevn\u00e9ho sametu.<\/p>\n<p>Stav: p\u016fvodn\u00ed zachoval\u00fd<br \/>\nRozm\u011br<br \/>\nV\u00fd\u0161ka: 80 cm<br \/>\n\u0160\u00ed\u0159ka: 45 cm<br \/>\nHloubka: 56 cm<\/p>\n","protected":false},"excerpt":{"rendered":"<p>Robusn\u00ed p\u0159itom velmi elegantn\u00ed j\u00eddlen\u00ed \u017eidle ve stylu art deco. Zaj\u00edmav\u00fd detail tvo\u0159\u00ed vsazen\u00ed op\u011bradla. \u017didle snese jak v\u00fdrazn\u011bj\u0161\u00ed \u010dalounn\u011b\u00ed<\/p>\n","protected":false},"featured_media":15076,"template":"","meta":[],"product_brand":[153],"product_cat":[130,121],"product_tag":[],"class_list":{"0":"post-15804","1":"product","2":"type-product","3":"status-publish","4":"has-post-thumbnail","6":"product_brand-eterle-cz","7":"product_cat-nabytek","8":"product_cat-zidle","9":"product_shipping_class-nadrozmerne","11":"first","12":"instock","13":"purchasable","14":"product-type-simple"},"_links":{"self":[{"href":"https:\/\/eterle.cz\/eshop\/wp-json\/wp\/v2\/product\/15804","targetHints":{"allow":["GET"]}}],"collection":[{"href":"https:\/\/eterle.cz\/eshop\/wp-json\/wp\/v2\/product"}],"about":[{"href":"https:\/\/eterle.cz\/eshop\/wp-json\/wp\/v2\/types\/product"}],"version-history":[{"count":1,"href":"https:\/\/eterle.cz\/eshop\/wp-json\/wp\/v2\/product\/15804\/revisions"}],"predecessor-version":[{"id":26308,"href":"https:\/\/eterle.cz\/eshop\/wp-json\/wp\/v2\/product\/15804\/revisions\/26308"}],"wp:featuredmedia":[{"embeddable":true,"href":"https:\/\/eterle.cz\/eshop\/wp-json\/wp\/v2\/media\/15076"}],"wp:attachment":[{"href":"https:\/\/eterle.cz\/eshop\/wp-json\/wp\/v2\/media?parent=15804"}],"wp:term":[{"taxonomy":"product_brand","embeddable":true,"href":"https:\/\/eterle.cz\/eshop\/wp-json\/wp\/v2\/product_brand?post=15804"},{"taxonomy":"product_cat","embeddable":true,"href":"https:\/\/eterle.cz\/eshop\/wp-json\/wp\/v2\/product_cat?post=15804"},{"taxonomy":"product_tag","embeddable":true,"href":"https:\/\/eterle.cz\/eshop\/wp-json\/wp\/v2\/product_tag?post=15804"}],"curies":[{"name":"wp","href":"https:\/\/api.w.org\/{rel}","templated":true}]}}