{"id":15807,"date":"2023-10-20T20:29:36","date_gmt":"2023-10-20T18:29:36","guid":{"rendered":"https:\/\/eterle.cz\/eshop\/produkt\/jidelni-zidle-2\/"},"modified":"2026-03-22T19:50:17","modified_gmt":"2026-03-22T18:50:17","slug":"jidelni-zidle-2","status":"publish","type":"product","link":"https:\/\/eterle.cz\/eshop\/produkt\/jidelni-zidle-2\/","title":{"rendered":"J\u00eddeln\u00ed \u017eidle"},"content":{"rendered":"<p>J\u00eddeln\u00ed \u017eidle se zaj\u00edmav\u011b vy\u0159ez\u00e1van\u00fdm op\u011bradlem a pohodln\u00fdm sed\u00e1kem zaujme na prvn\u00ed pohled.<\/p>\n<p>Stav: zachoval\u00fd p\u016fvodn\u00ed stav<br \/>\nRozm\u011br<br \/>\nV\u00fd\u0161ka: 82 cm<br \/>\n\u0160\u00ed\u0159ka: 47 cm<br \/>\nHloubka: 62 cm<\/p>\n","protected":false},"excerpt":{"rendered":"<p>J\u00eddeln\u00ed \u017eidle se zaj\u00edmav\u011b vy\u0159ez\u00e1van\u00fdm op\u011bradlem a pohodln\u00fdm sed\u00e1kem zaujme na prvn\u00ed pohled. Stav: zachoval\u00fd p\u016fvodn\u00ed stav Rozm\u011br V\u00fd\u0161ka: 82<\/p>\n","protected":false},"featured_media":15104,"template":"","meta":[],"product_brand":[153],"product_cat":[130,121],"product_tag":[],"class_list":{"0":"post-15807","1":"product","2":"type-product","3":"status-publish","4":"has-post-thumbnail","6":"product_brand-eterle-cz","7":"product_cat-nabytek","8":"product_cat-zidle","9":"product_shipping_class-nadrozmerne","11":"first","12":"instock","13":"purchasable","14":"product-type-simple"},"_links":{"self":[{"href":"https:\/\/eterle.cz\/eshop\/wp-json\/wp\/v2\/product\/15807","targetHints":{"allow":["GET"]}}],"collection":[{"href":"https:\/\/eterle.cz\/eshop\/wp-json\/wp\/v2\/product"}],"about":[{"href":"https:\/\/eterle.cz\/eshop\/wp-json\/wp\/v2\/types\/product"}],"version-history":[{"count":1,"href":"https:\/\/eterle.cz\/eshop\/wp-json\/wp\/v2\/product\/15807\/revisions"}],"predecessor-version":[{"id":26307,"href":"https:\/\/eterle.cz\/eshop\/wp-json\/wp\/v2\/product\/15807\/revisions\/26307"}],"wp:featuredmedia":[{"embeddable":true,"href":"https:\/\/eterle.cz\/eshop\/wp-json\/wp\/v2\/media\/15104"}],"wp:attachment":[{"href":"https:\/\/eterle.cz\/eshop\/wp-json\/wp\/v2\/media?parent=15807"}],"wp:term":[{"taxonomy":"product_brand","embeddable":true,"href":"https:\/\/eterle.cz\/eshop\/wp-json\/wp\/v2\/product_brand?post=15807"},{"taxonomy":"product_cat","embeddable":true,"href":"https:\/\/eterle.cz\/eshop\/wp-json\/wp\/v2\/product_cat?post=15807"},{"taxonomy":"product_tag","embeddable":true,"href":"https:\/\/eterle.cz\/eshop\/wp-json\/wp\/v2\/product_tag?post=15807"}],"curies":[{"name":"wp","href":"https:\/\/api.w.org\/{rel}","templated":true}]}}