{"id":15808,"date":"2023-10-20T20:29:44","date_gmt":"2023-10-20T18:29:44","guid":{"rendered":"https:\/\/eterle.cz\/eshop\/produkt\/stul-pavouk-tmavy-halabala-2\/"},"modified":"2025-02-16T02:53:07","modified_gmt":"2025-02-16T01:53:07","slug":"stul-pavouk-tmavy-halabala-2","status":"publish","type":"product","link":"https:\/\/eterle.cz\/eshop\/produkt\/stul-pavouk-tmavy-halabala-2\/","title":{"rendered":"St\u016fl &#8222;pavouk&#8220; tmav\u00fd \/ Halabala"},"content":{"rendered":"<p>Legend\u00e1rn\u00ed designov\u011b nad\u010dasov\u00fd stolek s ozna\u010den\u00edm H-259, kter\u00fd je zn\u00e1m\u00fd pod n\u00e1zvem pavouk navrhl v 50. letech 20. stolet\u00ed Jind\u0159icha Halabala pro \u00daP z\u00e1vody.<\/p>\n<p>Stav: hezk\u00fd p\u016fvodn\u00ed stav (m\u00edsty vid\u011bt jemn\u00e1 kola od hrne\u010dk\u016f)<br \/>\nRozm\u011br<br \/>\nV\u00fd\u0161ka: 65 cm<br \/>\nDeska: 65&#215;65 cm<\/p>\n","protected":false},"excerpt":{"rendered":"<p>Legend\u00e1rn\u00ed designov\u011b nad\u010dasov\u00fd stolek s ozna\u010den\u00edm H-259, kter\u00fd je zn\u00e1m\u00fd pod n\u00e1zvem pavouk navrhl v 50. letech 20. stolet\u00ed Jind\u0159icha<\/p>\n","protected":false},"featured_media":15113,"template":"","meta":[],"product_brand":[153],"product_cat":[91],"product_tag":[],"class_list":{"0":"post-15808","1":"product","2":"type-product","3":"status-publish","4":"has-post-thumbnail","6":"product_brand-eterle-cz","7":"product_cat-prodane","8":"product_shipping_class-nadrozmerne","10":"first","11":"outofstock","12":"sale","13":"purchasable","14":"product-type-simple"},"_links":{"self":[{"href":"https:\/\/eterle.cz\/eshop\/wp-json\/wp\/v2\/product\/15808","targetHints":{"allow":["GET"]}}],"collection":[{"href":"https:\/\/eterle.cz\/eshop\/wp-json\/wp\/v2\/product"}],"about":[{"href":"https:\/\/eterle.cz\/eshop\/wp-json\/wp\/v2\/types\/product"}],"version-history":[{"count":0,"href":"https:\/\/eterle.cz\/eshop\/wp-json\/wp\/v2\/product\/15808\/revisions"}],"wp:featuredmedia":[{"embeddable":true,"href":"https:\/\/eterle.cz\/eshop\/wp-json\/wp\/v2\/media\/15113"}],"wp:attachment":[{"href":"https:\/\/eterle.cz\/eshop\/wp-json\/wp\/v2\/media?parent=15808"}],"wp:term":[{"taxonomy":"product_brand","embeddable":true,"href":"https:\/\/eterle.cz\/eshop\/wp-json\/wp\/v2\/product_brand?post=15808"},{"taxonomy":"product_cat","embeddable":true,"href":"https:\/\/eterle.cz\/eshop\/wp-json\/wp\/v2\/product_cat?post=15808"},{"taxonomy":"product_tag","embeddable":true,"href":"https:\/\/eterle.cz\/eshop\/wp-json\/wp\/v2\/product_tag?post=15808"}],"curies":[{"name":"wp","href":"https:\/\/api.w.org\/{rel}","templated":true}]}}