{"id":15809,"date":"2023-10-20T20:29:50","date_gmt":"2023-10-20T18:29:50","guid":{"rendered":"https:\/\/eterle.cz\/eshop\/produkt\/zidle-barevna-vojta-sandera\/"},"modified":"2025-02-16T02:53:07","modified_gmt":"2025-02-16T01:53:07","slug":"zidle-barevna-vojta-sandera","status":"publish","type":"product","link":"https:\/\/eterle.cz\/eshop\/produkt\/zidle-barevna-vojta-sandera\/","title":{"rendered":"\u017didle barevn\u00e1 \/ Vojta \u0160andera"},"content":{"rendered":"<p>Klasick\u00e1 ikonick\u00e1 \u017eidle Ton, kter\u00e1 dostala nov\u00fd kab\u00e1t od design\u00e9ra Vojty \u0160andery, kter\u00fd se nechal inspirovat zn\u00e1m\u00fdm \u010desk\u00fdm um\u011blcem Janem Kalabem. Abstrakce a barevn\u00e1 intenzita dod\u00e1vaj\u00ed \u017eidli nov\u00fd dech.<\/p>\n<p>Sav: po renovaci<br \/>\nZna\u010dka: ZeM\u011b, Vojta \u0160andera<br \/>\nRozm\u011br<br \/>\nV\u00fd\u0161ka: 86 cm<br \/>\n\u0160\u00ed\u0159ka: 40 cm<br \/>\nHloubka: 47 cm<\/p>\n","protected":false},"excerpt":{"rendered":"<p>Klasick\u00e1 ikonick\u00e1 \u017eidle Ton, kter\u00e1 dostala nov\u00fd kab\u00e1t od design\u00e9ra Vojty \u0160andery, kter\u00fd se nechal inspirovat zn\u00e1m\u00fdm \u010desk\u00fdm um\u011blcem Janem<\/p>\n","protected":false},"featured_media":15120,"template":"","meta":[],"product_brand":[153],"product_cat":[91],"product_tag":[],"class_list":{"0":"post-15809","1":"product","2":"type-product","3":"status-publish","4":"has-post-thumbnail","6":"product_brand-eterle-cz","7":"product_cat-prodane","8":"product_shipping_class-nadrozmerne","10":"first","11":"outofstock","12":"purchasable","13":"product-type-simple"},"_links":{"self":[{"href":"https:\/\/eterle.cz\/eshop\/wp-json\/wp\/v2\/product\/15809","targetHints":{"allow":["GET"]}}],"collection":[{"href":"https:\/\/eterle.cz\/eshop\/wp-json\/wp\/v2\/product"}],"about":[{"href":"https:\/\/eterle.cz\/eshop\/wp-json\/wp\/v2\/types\/product"}],"version-history":[{"count":0,"href":"https:\/\/eterle.cz\/eshop\/wp-json\/wp\/v2\/product\/15809\/revisions"}],"wp:featuredmedia":[{"embeddable":true,"href":"https:\/\/eterle.cz\/eshop\/wp-json\/wp\/v2\/media\/15120"}],"wp:attachment":[{"href":"https:\/\/eterle.cz\/eshop\/wp-json\/wp\/v2\/media?parent=15809"}],"wp:term":[{"taxonomy":"product_brand","embeddable":true,"href":"https:\/\/eterle.cz\/eshop\/wp-json\/wp\/v2\/product_brand?post=15809"},{"taxonomy":"product_cat","embeddable":true,"href":"https:\/\/eterle.cz\/eshop\/wp-json\/wp\/v2\/product_cat?post=15809"},{"taxonomy":"product_tag","embeddable":true,"href":"https:\/\/eterle.cz\/eshop\/wp-json\/wp\/v2\/product_tag?post=15809"}],"curies":[{"name":"wp","href":"https:\/\/api.w.org\/{rel}","templated":true}]}}