{"id":15810,"date":"2023-10-20T20:29:55","date_gmt":"2023-10-20T18:29:55","guid":{"rendered":"https:\/\/eterle.cz\/eshop\/produkt\/zilde-pruhovana-zlata-vojta-sandera\/"},"modified":"2025-02-16T02:53:06","modified_gmt":"2025-02-16T01:53:06","slug":"zilde-pruhovana-zlata-vojta-sandera","status":"publish","type":"product","link":"https:\/\/eterle.cz\/eshop\/produkt\/zilde-pruhovana-zlata-vojta-sandera\/","title":{"rendered":"\u017didle pruhovan\u00e1 zlat\u00e1 \/ Vojta \u0160andera"},"content":{"rendered":"<p>\u017didle, kter\u00e1 se pod rukama Vojty \u0160andery prom\u011bnila z rezav\u00e9ho zpusto\u0161en\u00e9ho stavu v luxusn\u00ed kousek s modern\u00edm n\u00e1dechem. Vyu\u017eil jej\u00edho nad\u010dasov\u00e9ho stylu a pomoc\u00ed zlat\u00e9 barvy a nov\u00e9ho \u010daloun\u011bn\u00ed ji vr\u00e1til do \u017eivota.<\/p>\n<p>Sav: po renovaci<br \/>\nZna\u010dka: ZeM\u011b, Vojta \u0160andera<br \/>\nRozm\u011br<br \/>\nV\u00fd\u0161ka: 76 cm<br \/>\n\u0160\u00ed\u0159ka: 44 cm<br \/>\nHloubka: 48 cm<\/p>\n","protected":false},"excerpt":{"rendered":"<p>\u017didle, kter\u00e1 se pod rukama Vojty \u0160andery prom\u011bnila z rezav\u00e9ho zpusto\u0161en\u00e9ho stavu v luxusn\u00ed kousek s modern\u00edm n\u00e1dechem. Vyu\u017eil jej\u00edho<\/p>\n","protected":false},"featured_media":15127,"template":"","meta":[],"product_brand":[153],"product_cat":[91],"product_tag":[],"class_list":{"0":"post-15810","1":"product","2":"type-product","3":"status-publish","4":"has-post-thumbnail","6":"product_brand-eterle-cz","7":"product_cat-prodane","8":"product_shipping_class-nadrozmerne","10":"first","11":"outofstock","12":"purchasable","13":"product-type-simple"},"_links":{"self":[{"href":"https:\/\/eterle.cz\/eshop\/wp-json\/wp\/v2\/product\/15810","targetHints":{"allow":["GET"]}}],"collection":[{"href":"https:\/\/eterle.cz\/eshop\/wp-json\/wp\/v2\/product"}],"about":[{"href":"https:\/\/eterle.cz\/eshop\/wp-json\/wp\/v2\/types\/product"}],"version-history":[{"count":0,"href":"https:\/\/eterle.cz\/eshop\/wp-json\/wp\/v2\/product\/15810\/revisions"}],"wp:featuredmedia":[{"embeddable":true,"href":"https:\/\/eterle.cz\/eshop\/wp-json\/wp\/v2\/media\/15127"}],"wp:attachment":[{"href":"https:\/\/eterle.cz\/eshop\/wp-json\/wp\/v2\/media?parent=15810"}],"wp:term":[{"taxonomy":"product_brand","embeddable":true,"href":"https:\/\/eterle.cz\/eshop\/wp-json\/wp\/v2\/product_brand?post=15810"},{"taxonomy":"product_cat","embeddable":true,"href":"https:\/\/eterle.cz\/eshop\/wp-json\/wp\/v2\/product_cat?post=15810"},{"taxonomy":"product_tag","embeddable":true,"href":"https:\/\/eterle.cz\/eshop\/wp-json\/wp\/v2\/product_tag?post=15810"}],"curies":[{"name":"wp","href":"https:\/\/api.w.org\/{rel}","templated":true}]}}