{"id":15811,"date":"2023-10-20T20:30:00","date_gmt":"2023-10-20T18:30:00","guid":{"rendered":"https:\/\/eterle.cz\/eshop\/produkt\/opalovy-zvon\/"},"modified":"2025-06-24T01:53:48","modified_gmt":"2025-06-23T23:53:48","slug":"opalovy-zvon","status":"publish","type":"product","link":"https:\/\/eterle.cz\/eshop\/produkt\/opalovy-zvon\/","title":{"rendered":"Op\u00e1lov\u00fd zvon"},"content":{"rendered":"<p>Velk\u00fd zvon z b\u00edl\u00e9ho op\u00e1lov\u00e9ho skla vhodn\u00fd do bytu \u010di domu s vy\u0161\u0161\u00edm stropem.<\/p>\n<p>Stav: elektroinstalace p\u016fvodn\u00ed, funk\u010dn\u00ed<br \/>\nRozm\u011br<br \/>\nV\u00fd\u0161ka: 65 cm<br \/>\nV\u00fd\u0161ka st\u00ednidla: 30 cm<br \/>\nV\u00fd\u0161ka mosazn\u00e9 \u010d\u00e1sti: 35 cm<br \/>\nPr\u016fm\u011br st\u00ednidla: 30 cm (v nej\u0161ir\u0161\u00ed \u010d\u00e1sti)<\/p>\n","protected":false},"excerpt":{"rendered":"<p>Velk\u00fd zvon z b\u00edl\u00e9ho op\u00e1lov\u00e9ho skla vhodn\u00fd do bytu \u010di domu s vy\u0161\u0161\u00edm stropem. Stav: elektroinstalace p\u016fvodn\u00ed, funk\u010dn\u00ed Rozm\u011br V\u00fd\u0161ka:<\/p>\n","protected":false},"featured_media":15136,"template":"","meta":[],"product_brand":[153],"product_cat":[79,140],"product_tag":[],"class_list":{"0":"post-15811","1":"product","2":"type-product","3":"status-publish","4":"has-post-thumbnail","6":"product_brand-eterle-cz","7":"product_cat-svetla","8":"product_cat-lustry","9":"product_shipping_class-nadrozmerne","11":"first","12":"instock","13":"purchasable","14":"product-type-simple"},"_links":{"self":[{"href":"https:\/\/eterle.cz\/eshop\/wp-json\/wp\/v2\/product\/15811","targetHints":{"allow":["GET"]}}],"collection":[{"href":"https:\/\/eterle.cz\/eshop\/wp-json\/wp\/v2\/product"}],"about":[{"href":"https:\/\/eterle.cz\/eshop\/wp-json\/wp\/v2\/types\/product"}],"version-history":[{"count":2,"href":"https:\/\/eterle.cz\/eshop\/wp-json\/wp\/v2\/product\/15811\/revisions"}],"predecessor-version":[{"id":26306,"href":"https:\/\/eterle.cz\/eshop\/wp-json\/wp\/v2\/product\/15811\/revisions\/26306"}],"wp:featuredmedia":[{"embeddable":true,"href":"https:\/\/eterle.cz\/eshop\/wp-json\/wp\/v2\/media\/15136"}],"wp:attachment":[{"href":"https:\/\/eterle.cz\/eshop\/wp-json\/wp\/v2\/media?parent=15811"}],"wp:term":[{"taxonomy":"product_brand","embeddable":true,"href":"https:\/\/eterle.cz\/eshop\/wp-json\/wp\/v2\/product_brand?post=15811"},{"taxonomy":"product_cat","embeddable":true,"href":"https:\/\/eterle.cz\/eshop\/wp-json\/wp\/v2\/product_cat?post=15811"},{"taxonomy":"product_tag","embeddable":true,"href":"https:\/\/eterle.cz\/eshop\/wp-json\/wp\/v2\/product_tag?post=15811"}],"curies":[{"name":"wp","href":"https:\/\/api.w.org\/{rel}","templated":true}]}}