{"id":15813,"date":"2023-10-20T20:30:11","date_gmt":"2023-10-20T18:30:11","guid":{"rendered":"https:\/\/eterle.cz\/eshop\/produkt\/stolni-lampicka-5\/"},"modified":"2025-06-24T01:53:48","modified_gmt":"2025-06-23T23:53:48","slug":"stolni-lampicka-5","status":"publish","type":"product","link":"https:\/\/eterle.cz\/eshop\/produkt\/stolni-lampicka-5\/","title":{"rendered":"Stoln\u00ed lampi\u010dka"},"content":{"rendered":"<p>Zaj\u00edmav\u00e1 stoln\u00ed lampi\u010dka ve stylu sv\u011btel od design\u00e9ra Ivana Jake\u0161e.<\/p>\n<p>Stav: nov\u00e1 elektroinstalace, st\u00ednidlo se trochu kynkl\u00e1<br \/>\nRozm\u011br<br \/>\nV\u00fd\u0161ka: 27 cm<br \/>\nPr\u016fm\u011br: 17 cm<\/p>\n","protected":false},"excerpt":{"rendered":"<p>Zaj\u00edmav\u00e1 stoln\u00ed lampi\u010dka ve stylu sv\u011btel od design\u00e9ra Ivana Jake\u0161e. Stav: nov\u00e1 elektroinstalace, st\u00ednidlo se trochu kynkl\u00e1 Rozm\u011br V\u00fd\u0161ka: 27<\/p>\n","protected":false},"featured_media":15151,"template":"","meta":[],"product_brand":[153],"product_cat":[79,141],"product_tag":[],"class_list":{"0":"post-15813","1":"product","2":"type-product","3":"status-publish","4":"has-post-thumbnail","6":"product_brand-eterle-cz","7":"product_cat-svetla","8":"product_cat-stolni-lampy","9":"product_shipping_class-nadrozmerne","11":"first","12":"instock","13":"purchasable","14":"product-type-simple"},"_links":{"self":[{"href":"https:\/\/eterle.cz\/eshop\/wp-json\/wp\/v2\/product\/15813","targetHints":{"allow":["GET"]}}],"collection":[{"href":"https:\/\/eterle.cz\/eshop\/wp-json\/wp\/v2\/product"}],"about":[{"href":"https:\/\/eterle.cz\/eshop\/wp-json\/wp\/v2\/types\/product"}],"version-history":[{"count":1,"href":"https:\/\/eterle.cz\/eshop\/wp-json\/wp\/v2\/product\/15813\/revisions"}],"predecessor-version":[{"id":26305,"href":"https:\/\/eterle.cz\/eshop\/wp-json\/wp\/v2\/product\/15813\/revisions\/26305"}],"wp:featuredmedia":[{"embeddable":true,"href":"https:\/\/eterle.cz\/eshop\/wp-json\/wp\/v2\/media\/15151"}],"wp:attachment":[{"href":"https:\/\/eterle.cz\/eshop\/wp-json\/wp\/v2\/media?parent=15813"}],"wp:term":[{"taxonomy":"product_brand","embeddable":true,"href":"https:\/\/eterle.cz\/eshop\/wp-json\/wp\/v2\/product_brand?post=15813"},{"taxonomy":"product_cat","embeddable":true,"href":"https:\/\/eterle.cz\/eshop\/wp-json\/wp\/v2\/product_cat?post=15813"},{"taxonomy":"product_tag","embeddable":true,"href":"https:\/\/eterle.cz\/eshop\/wp-json\/wp\/v2\/product_tag?post=15813"}],"curies":[{"name":"wp","href":"https:\/\/api.w.org\/{rel}","templated":true}]}}