{"id":15814,"date":"2023-10-20T20:30:15","date_gmt":"2023-10-20T18:30:15","guid":{"rendered":"https:\/\/eterle.cz\/eshop\/produkt\/lampicka-art-deco\/"},"modified":"2025-02-16T02:53:05","modified_gmt":"2025-02-16T01:53:05","slug":"lampicka-art-deco","status":"publish","type":"product","link":"https:\/\/eterle.cz\/eshop\/produkt\/lampicka-art-deco\/","title":{"rendered":"Lampi\u010dka Art deco"},"content":{"rendered":"<p>Stoln\u00ed art deco lampi\u010dka s nakl\u00e1p\u011bc\u00edm st\u00ednidlem z op\u00e1lov\u00e9ho skla. Lapmi\u010dka je ur\u010dena p\u0159edev\u0161\u00edm na no\u010dn\u00ed stolek.<\/p>\n<p>Stav: nov\u00e1 elektroinstalace<br \/>\nRozm\u011br<br \/>\nV\u00fd\u0161ka: 21 cm (stojan) st\u00ednidlo v\u00fdklopn\u00e9<br \/>\nPr\u016fm\u011br st\u00ednidla: 12 cm<\/p>\n","protected":false},"excerpt":{"rendered":"<p>Stoln\u00ed art deco lampi\u010dka s nakl\u00e1p\u011bc\u00edm st\u00ednidlem z op\u00e1lov\u00e9ho skla. Lapmi\u010dka je ur\u010dena p\u0159edev\u0161\u00edm na no\u010dn\u00ed stolek. Stav: nov\u00e1 elektroinstalace<\/p>\n","protected":false},"featured_media":15158,"template":"","meta":[],"product_brand":[153],"product_cat":[91],"product_tag":[],"class_list":{"0":"post-15814","1":"product","2":"type-product","3":"status-publish","4":"has-post-thumbnail","6":"product_brand-eterle-cz","7":"product_cat-prodane","8":"product_shipping_class-nadrozmerne","10":"first","11":"outofstock","12":"purchasable","13":"product-type-simple"},"_links":{"self":[{"href":"https:\/\/eterle.cz\/eshop\/wp-json\/wp\/v2\/product\/15814","targetHints":{"allow":["GET"]}}],"collection":[{"href":"https:\/\/eterle.cz\/eshop\/wp-json\/wp\/v2\/product"}],"about":[{"href":"https:\/\/eterle.cz\/eshop\/wp-json\/wp\/v2\/types\/product"}],"version-history":[{"count":0,"href":"https:\/\/eterle.cz\/eshop\/wp-json\/wp\/v2\/product\/15814\/revisions"}],"wp:featuredmedia":[{"embeddable":true,"href":"https:\/\/eterle.cz\/eshop\/wp-json\/wp\/v2\/media\/15158"}],"wp:attachment":[{"href":"https:\/\/eterle.cz\/eshop\/wp-json\/wp\/v2\/media?parent=15814"}],"wp:term":[{"taxonomy":"product_brand","embeddable":true,"href":"https:\/\/eterle.cz\/eshop\/wp-json\/wp\/v2\/product_brand?post=15814"},{"taxonomy":"product_cat","embeddable":true,"href":"https:\/\/eterle.cz\/eshop\/wp-json\/wp\/v2\/product_cat?post=15814"},{"taxonomy":"product_tag","embeddable":true,"href":"https:\/\/eterle.cz\/eshop\/wp-json\/wp\/v2\/product_tag?post=15814"}],"curies":[{"name":"wp","href":"https:\/\/api.w.org\/{rel}","templated":true}]}}