{"id":15815,"date":"2023-10-20T20:30:21","date_gmt":"2023-10-20T18:30:21","guid":{"rendered":"https:\/\/eterle.cz\/eshop\/produkt\/lampicka-hribek-napako\/"},"modified":"2025-02-16T02:53:04","modified_gmt":"2025-02-16T01:53:04","slug":"lampicka-hribek-napako","status":"publish","type":"product","link":"https:\/\/eterle.cz\/eshop\/produkt\/lampicka-hribek-napako\/","title":{"rendered":"Lampi\u010dka h\u0159\u00edbek \/ Napako"},"content":{"rendered":"<p>Stoln\u00ed lampi\u010dka vyrobena ve 20.-30. letech minul\u00e9ho stolet\u00ed firmou Napako. Firma Napako byla zalo\u017een\u00e1 v roce 1919 jako sdru\u017een\u00ed n\u00e1stroj\u00e1\u0159\u016f, pas\u00ed\u0159\u016f a kovotla\u010ditel\u016f. Jejich v\u00fdrobky byly velmi kvalitn\u00ed, proto jsou i nyn\u00ed velmi \u017e\u00e1dan\u00e9.<\/p>\n<p>Stav: vintage s patinou, m\u00edsty zn\u00e1mky koroze, nov\u00e1 elektroinstalace<br \/>\nZna\u010dka: Napako, J. H\u016frka<br \/>\nRozm\u011br<br \/>\nV\u00fd\u0161ka: 40 cm<br \/>\nPr\u016fm\u011br st\u00ednidla: 34 cm<\/p>\n","protected":false},"excerpt":{"rendered":"<p>Stoln\u00ed lampi\u010dka vyrobena ve 20.-30. letech minul\u00e9ho stolet\u00ed firmou Napako. Firma Napako byla zalo\u017een\u00e1 v roce 1919 jako sdru\u017een\u00ed n\u00e1stroj\u00e1\u0159\u016f,<\/p>\n","protected":false},"featured_media":15164,"template":"","meta":[],"product_brand":[153],"product_cat":[91],"product_tag":[],"class_list":{"0":"post-15815","1":"product","2":"type-product","3":"status-publish","4":"has-post-thumbnail","6":"product_brand-eterle-cz","7":"product_cat-prodane","8":"product_shipping_class-nadrozmerne","10":"first","11":"outofstock","12":"purchasable","13":"product-type-simple"},"_links":{"self":[{"href":"https:\/\/eterle.cz\/eshop\/wp-json\/wp\/v2\/product\/15815","targetHints":{"allow":["GET"]}}],"collection":[{"href":"https:\/\/eterle.cz\/eshop\/wp-json\/wp\/v2\/product"}],"about":[{"href":"https:\/\/eterle.cz\/eshop\/wp-json\/wp\/v2\/types\/product"}],"version-history":[{"count":0,"href":"https:\/\/eterle.cz\/eshop\/wp-json\/wp\/v2\/product\/15815\/revisions"}],"wp:featuredmedia":[{"embeddable":true,"href":"https:\/\/eterle.cz\/eshop\/wp-json\/wp\/v2\/media\/15164"}],"wp:attachment":[{"href":"https:\/\/eterle.cz\/eshop\/wp-json\/wp\/v2\/media?parent=15815"}],"wp:term":[{"taxonomy":"product_brand","embeddable":true,"href":"https:\/\/eterle.cz\/eshop\/wp-json\/wp\/v2\/product_brand?post=15815"},{"taxonomy":"product_cat","embeddable":true,"href":"https:\/\/eterle.cz\/eshop\/wp-json\/wp\/v2\/product_cat?post=15815"},{"taxonomy":"product_tag","embeddable":true,"href":"https:\/\/eterle.cz\/eshop\/wp-json\/wp\/v2\/product_tag?post=15815"}],"curies":[{"name":"wp","href":"https:\/\/api.w.org\/{rel}","templated":true}]}}