{"id":15818,"date":"2023-10-20T20:30:40","date_gmt":"2023-10-20T18:30:40","guid":{"rendered":"https:\/\/eterle.cz\/eshop\/produkt\/karafa-jested\/"},"modified":"2025-02-16T02:53:03","modified_gmt":"2025-02-16T01:53:03","slug":"karafa-jested","status":"publish","type":"product","link":"https:\/\/eterle.cz\/eshop\/produkt\/karafa-jested\/","title":{"rendered":"Karafa Je\u0161t\u011bd"},"content":{"rendered":"<p>Lit\u00e1 karafa ve tvaru televizn\u00edho vys\u00edla\u010de Je\u0161t\u011bd navr\u017een\u00e9ho architektem Hub\u00e1\u010dkem. Tato dominanta Liberce letos slav\u00ed 50. let\u00e9 v\u00fdro\u010d\u00ed.<\/p>\n<p>Stav: dobr\u00fd, neparn\u00e9 0,5 mm \u0161t\u00edpnut\u00ed na vnt\u0159n\u00edm horn\u00edm lemu<br \/>\nRozm\u011br<br \/>\nV\u00fd\u0161ka: 26 cm<br \/>\nObjem: 1,2 l<\/p>\n","protected":false},"excerpt":{"rendered":"<p>Lit\u00e1 karafa ve tvaru televizn\u00edho vys\u00edla\u010de Je\u0161t\u011bd navr\u017een\u00e9ho architektem Hub\u00e1\u010dkem. Tato dominanta Liberce letos slav\u00ed 50. let\u00e9 v\u00fdro\u010d\u00ed. Stav: dobr\u00fd,<\/p>\n","protected":false},"featured_media":15186,"template":"","meta":[],"product_brand":[153],"product_cat":[91],"product_tag":[],"class_list":{"0":"post-15818","1":"product","2":"type-product","3":"status-publish","4":"has-post-thumbnail","6":"product_brand-eterle-cz","7":"product_cat-prodane","9":"first","10":"outofstock","11":"purchasable","12":"product-type-simple"},"_links":{"self":[{"href":"https:\/\/eterle.cz\/eshop\/wp-json\/wp\/v2\/product\/15818","targetHints":{"allow":["GET"]}}],"collection":[{"href":"https:\/\/eterle.cz\/eshop\/wp-json\/wp\/v2\/product"}],"about":[{"href":"https:\/\/eterle.cz\/eshop\/wp-json\/wp\/v2\/types\/product"}],"version-history":[{"count":0,"href":"https:\/\/eterle.cz\/eshop\/wp-json\/wp\/v2\/product\/15818\/revisions"}],"wp:featuredmedia":[{"embeddable":true,"href":"https:\/\/eterle.cz\/eshop\/wp-json\/wp\/v2\/media\/15186"}],"wp:attachment":[{"href":"https:\/\/eterle.cz\/eshop\/wp-json\/wp\/v2\/media?parent=15818"}],"wp:term":[{"taxonomy":"product_brand","embeddable":true,"href":"https:\/\/eterle.cz\/eshop\/wp-json\/wp\/v2\/product_brand?post=15818"},{"taxonomy":"product_cat","embeddable":true,"href":"https:\/\/eterle.cz\/eshop\/wp-json\/wp\/v2\/product_cat?post=15818"},{"taxonomy":"product_tag","embeddable":true,"href":"https:\/\/eterle.cz\/eshop\/wp-json\/wp\/v2\/product_tag?post=15818"}],"curies":[{"name":"wp","href":"https:\/\/api.w.org\/{rel}","templated":true}]}}