{"id":15819,"date":"2023-10-20T20:30:47","date_gmt":"2023-10-20T18:30:47","guid":{"rendered":"https:\/\/eterle.cz\/eshop\/produkt\/sada-sklenicek-na-sampanske-novosad-a-syn\/"},"modified":"2025-02-16T02:53:03","modified_gmt":"2025-02-16T01:53:03","slug":"sada-sklenicek-na-sampanske-novosad-a-syn","status":"publish","type":"product","link":"https:\/\/eterle.cz\/eshop\/produkt\/sada-sklenicek-na-sampanske-novosad-a-syn\/","title":{"rendered":"Sada skleni\u010dek na \u0161ampa\u0148sk\u00e9 \/ Novosad a syn"},"content":{"rendered":"<p>Sasa 6 skleni\u010dek na \u0161ampa\u0148sk\u00e9 ve tvaru tzv. fl\u00e9tny od nejstar\u0161\u00ed \u010desk\u00e9 funguj\u00edc\u00ed skl\u00e1rny na sv\u011bt\u011b Novosad a syn. Skl\u00e1rna byla zalo\u017eena v roce 1712 na jilemnick\u00e9m panstv\u00ed hrabat Harrach\u016f a dnes vyr\u00e1b\u00ed p\u0159edev\u0161\u00edm luxusn\u00ed n\u00e1pojov\u00e9 sklo.<\/p>\n<p>Stav: nov\u00e9<br \/>\nRozm\u011br<br \/>\nV\u00fd\u0161ka: 25 cm<br \/>\nObjem po okraj sklenice: 150 ml<\/p>\n","protected":false},"excerpt":{"rendered":"<p>Sasa 6 skleni\u010dek na \u0161ampa\u0148sk\u00e9 ve tvaru tzv. fl\u00e9tny od nejstar\u0161\u00ed \u010desk\u00e9 funguj\u00edc\u00ed skl\u00e1rny na sv\u011bt\u011b Novosad a syn. Skl\u00e1rna<\/p>\n","protected":false},"featured_media":15191,"template":"","meta":[],"product_brand":[153],"product_cat":[91],"product_tag":[],"class_list":{"0":"post-15819","1":"product","2":"type-product","3":"status-publish","4":"has-post-thumbnail","6":"product_brand-eterle-cz","7":"product_cat-prodane","9":"first","10":"outofstock","11":"purchasable","12":"product-type-simple"},"_links":{"self":[{"href":"https:\/\/eterle.cz\/eshop\/wp-json\/wp\/v2\/product\/15819","targetHints":{"allow":["GET"]}}],"collection":[{"href":"https:\/\/eterle.cz\/eshop\/wp-json\/wp\/v2\/product"}],"about":[{"href":"https:\/\/eterle.cz\/eshop\/wp-json\/wp\/v2\/types\/product"}],"version-history":[{"count":0,"href":"https:\/\/eterle.cz\/eshop\/wp-json\/wp\/v2\/product\/15819\/revisions"}],"wp:featuredmedia":[{"embeddable":true,"href":"https:\/\/eterle.cz\/eshop\/wp-json\/wp\/v2\/media\/15191"}],"wp:attachment":[{"href":"https:\/\/eterle.cz\/eshop\/wp-json\/wp\/v2\/media?parent=15819"}],"wp:term":[{"taxonomy":"product_brand","embeddable":true,"href":"https:\/\/eterle.cz\/eshop\/wp-json\/wp\/v2\/product_brand?post=15819"},{"taxonomy":"product_cat","embeddable":true,"href":"https:\/\/eterle.cz\/eshop\/wp-json\/wp\/v2\/product_cat?post=15819"},{"taxonomy":"product_tag","embeddable":true,"href":"https:\/\/eterle.cz\/eshop\/wp-json\/wp\/v2\/product_tag?post=15819"}],"curies":[{"name":"wp","href":"https:\/\/api.w.org\/{rel}","templated":true}]}}