{"id":15820,"date":"2023-10-20T20:30:52","date_gmt":"2023-10-20T18:30:52","guid":{"rendered":"https:\/\/eterle.cz\/eshop\/produkt\/sada-6-sklenicek-na-vodu-rosenthal\/"},"modified":"2025-02-16T02:53:02","modified_gmt":"2025-02-16T01:53:02","slug":"sada-6-sklenicek-na-vodu-rosenthal","status":"publish","type":"product","link":"https:\/\/eterle.cz\/eshop\/produkt\/sada-6-sklenicek-na-vodu-rosenthal\/","title":{"rendered":"Sada 6 skleni\u010dek na vodu \/ Rosenthal"},"content":{"rendered":"<p>Sada 6 sklenic na vodu jednoduch\u00e9ho v\u00e1lcovit\u00e9ho tvaru se siln\u00fdm dnem, kter\u00e9 je hrub\u011b probrou\u0161eno.<\/p>\n<p>Stav: nepou\u017eit\u00e9<br \/>\nRozm\u011br<br \/>\nV\u00fd\u0161ka: 15,5 cm<br \/>\nObjem po okraj sklenice: 150 ml<\/p>\n","protected":false},"excerpt":{"rendered":"<p>Sada 6 sklenic na vodu jednoduch\u00e9ho v\u00e1lcovit\u00e9ho tvaru se siln\u00fdm dnem, kter\u00e9 je hrub\u011b probrou\u0161eno. Stav: nepou\u017eit\u00e9 Rozm\u011br V\u00fd\u0161ka: 15,5<\/p>\n","protected":false},"featured_media":15196,"template":"","meta":[],"product_brand":[153],"product_cat":[91],"product_tag":[],"class_list":{"0":"post-15820","1":"product","2":"type-product","3":"status-publish","4":"has-post-thumbnail","6":"product_brand-eterle-cz","7":"product_cat-prodane","9":"first","10":"outofstock","11":"purchasable","12":"product-type-simple"},"_links":{"self":[{"href":"https:\/\/eterle.cz\/eshop\/wp-json\/wp\/v2\/product\/15820","targetHints":{"allow":["GET"]}}],"collection":[{"href":"https:\/\/eterle.cz\/eshop\/wp-json\/wp\/v2\/product"}],"about":[{"href":"https:\/\/eterle.cz\/eshop\/wp-json\/wp\/v2\/types\/product"}],"version-history":[{"count":0,"href":"https:\/\/eterle.cz\/eshop\/wp-json\/wp\/v2\/product\/15820\/revisions"}],"wp:featuredmedia":[{"embeddable":true,"href":"https:\/\/eterle.cz\/eshop\/wp-json\/wp\/v2\/media\/15196"}],"wp:attachment":[{"href":"https:\/\/eterle.cz\/eshop\/wp-json\/wp\/v2\/media?parent=15820"}],"wp:term":[{"taxonomy":"product_brand","embeddable":true,"href":"https:\/\/eterle.cz\/eshop\/wp-json\/wp\/v2\/product_brand?post=15820"},{"taxonomy":"product_cat","embeddable":true,"href":"https:\/\/eterle.cz\/eshop\/wp-json\/wp\/v2\/product_cat?post=15820"},{"taxonomy":"product_tag","embeddable":true,"href":"https:\/\/eterle.cz\/eshop\/wp-json\/wp\/v2\/product_tag?post=15820"}],"curies":[{"name":"wp","href":"https:\/\/api.w.org\/{rel}","templated":true}]}}