{"id":15821,"date":"2023-10-20T20:30:56","date_gmt":"2023-10-20T18:30:56","guid":{"rendered":"https:\/\/eterle.cz\/eshop\/produkt\/2-sklenice-na-whisky-moser\/"},"modified":"2025-05-22T16:55:05","modified_gmt":"2025-05-22T14:55:05","slug":"2-sklenice-na-whisky-moser","status":"publish","type":"product","link":"https:\/\/eterle.cz\/eshop\/produkt\/2-sklenice-na-whisky-moser\/","title":{"rendered":"2 sklenice na whisky \/ Moser"},"content":{"rendered":"<p>Ikonick\u00fd Whisky set od Moseru hrd\u011b nese nezm\u011bn\u011bnou podobu u\u017e od roku 1968 dle hesla &#8222;dokonal\u00e9 nen\u00ed t\u0159eba m\u011bnit&#8220;. Sklenice na whisky u\u017e p\u0159es 50 let udivuje sv\u00fdm minimalistick\u00fdm designem a vypad\u00e1 p\u0159itom st\u00e1le stejn\u011b modern\u011b. V\u00e1lcov\u00e9mu tvaru vysok\u00fdch i\u00a0n\u00edzk\u00fdch sklenic lichot\u00ed \u010dir\u00e9 proveden\u00ed. Ru\u010dn\u011b fouk\u00e1no z ekologicky \u010dist\u00e9ho bezolovnat\u00e9ho k\u0159i\u0161\u0165\u00e1lu.<\/p>\n<p>Stav: perfektn\u00ed v origin\u00e1l krabici<br \/>\nZna\u010dka: Moser<br \/>\nRozm\u011br<br \/>\nV\u00fd\u0161ka: 9,5 cm<br \/>\nObjem: 370 ml<\/p>\n","protected":false},"excerpt":{"rendered":"<p>Ikonick\u00fd Whisky set od Moseru hrd\u011b nese nezm\u011bn\u011bnou podobu u\u017e od roku 1968 dle hesla &#8222;dokonal\u00e9 nen\u00ed t\u0159eba m\u011bnit&#8220;. Sklenice<\/p>\n","protected":false},"featured_media":15202,"template":"","meta":[],"product_brand":[153],"product_cat":[91],"product_tag":[],"class_list":{"0":"post-15821","1":"product","2":"type-product","3":"status-publish","4":"has-post-thumbnail","6":"product_brand-eterle-cz","7":"product_cat-prodane","9":"first","10":"outofstock","11":"purchasable","12":"product-type-simple"},"_links":{"self":[{"href":"https:\/\/eterle.cz\/eshop\/wp-json\/wp\/v2\/product\/15821","targetHints":{"allow":["GET"]}}],"collection":[{"href":"https:\/\/eterle.cz\/eshop\/wp-json\/wp\/v2\/product"}],"about":[{"href":"https:\/\/eterle.cz\/eshop\/wp-json\/wp\/v2\/types\/product"}],"version-history":[{"count":1,"href":"https:\/\/eterle.cz\/eshop\/wp-json\/wp\/v2\/product\/15821\/revisions"}],"predecessor-version":[{"id":24576,"href":"https:\/\/eterle.cz\/eshop\/wp-json\/wp\/v2\/product\/15821\/revisions\/24576"}],"wp:featuredmedia":[{"embeddable":true,"href":"https:\/\/eterle.cz\/eshop\/wp-json\/wp\/v2\/media\/15202"}],"wp:attachment":[{"href":"https:\/\/eterle.cz\/eshop\/wp-json\/wp\/v2\/media?parent=15821"}],"wp:term":[{"taxonomy":"product_brand","embeddable":true,"href":"https:\/\/eterle.cz\/eshop\/wp-json\/wp\/v2\/product_brand?post=15821"},{"taxonomy":"product_cat","embeddable":true,"href":"https:\/\/eterle.cz\/eshop\/wp-json\/wp\/v2\/product_cat?post=15821"},{"taxonomy":"product_tag","embeddable":true,"href":"https:\/\/eterle.cz\/eshop\/wp-json\/wp\/v2\/product_tag?post=15821"}],"curies":[{"name":"wp","href":"https:\/\/api.w.org\/{rel}","templated":true}]}}