{"id":15822,"date":"2023-10-20T20:31:02","date_gmt":"2023-10-20T18:31:02","guid":{"rendered":"https:\/\/eterle.cz\/eshop\/produkt\/sada-6-sklenic-na-destilat-moser\/"},"modified":"2025-02-16T02:53:02","modified_gmt":"2025-02-16T01:53:02","slug":"sada-6-sklenic-na-destilat-moser","status":"publish","type":"product","link":"https:\/\/eterle.cz\/eshop\/produkt\/sada-6-sklenic-na-destilat-moser\/","title":{"rendered":"Sada 6 sklenic na destil\u00e1t \/ Moser"},"content":{"rendered":"<p>Ikonick\u00fd set na destil\u00e1t z kolekce Whisky set od Moseru hrd\u011b nese nezm\u011bn\u011bnou podobu u\u017e od roku 1968 dle hesla &#8222;dokonal\u00e9 nen\u00ed t\u0159eba m\u011bnit&#8220;. V\u00e1lcov\u00e9mu tvaru sklenic na destil\u00e1t slu\u0161\u00ed typick\u00e9 moserovsk\u00e9 barvy. Tento set je v kombinaci barev k\u0159i\u0161\u0165\u00e1l (\u010dir\u00e1), beryl (tyrkysov\u00e1) a topas (jantarov\u00e1). Ru\u010dn\u011b fouk\u00e1no z ekologicky \u010dist\u00e9ho bezolovnat\u00e9ho k\u0159i\u0161\u0165\u00e1lu.<\/p>\n<p>Stav: perfektn\u00ed v origin\u00e1l krabici<br \/>\nZna\u010dka: Moser<br \/>\nRozm\u011br<br \/>\nV\u00fd\u0161ka: 6,5 cm<br \/>\nObjem: 60 ml<\/p>\n","protected":false},"excerpt":{"rendered":"<p>Ikonick\u00fd set na destil\u00e1t z kolekce Whisky set od Moseru hrd\u011b nese nezm\u011bn\u011bnou podobu u\u017e od roku 1968 dle hesla<\/p>\n","protected":false},"featured_media":15208,"template":"","meta":[],"product_brand":[153],"product_cat":[91],"product_tag":[],"class_list":{"0":"post-15822","1":"product","2":"type-product","3":"status-publish","4":"has-post-thumbnail","6":"product_brand-eterle-cz","7":"product_cat-prodane","9":"first","10":"outofstock","11":"purchasable","12":"product-type-simple"},"_links":{"self":[{"href":"https:\/\/eterle.cz\/eshop\/wp-json\/wp\/v2\/product\/15822","targetHints":{"allow":["GET"]}}],"collection":[{"href":"https:\/\/eterle.cz\/eshop\/wp-json\/wp\/v2\/product"}],"about":[{"href":"https:\/\/eterle.cz\/eshop\/wp-json\/wp\/v2\/types\/product"}],"version-history":[{"count":0,"href":"https:\/\/eterle.cz\/eshop\/wp-json\/wp\/v2\/product\/15822\/revisions"}],"wp:featuredmedia":[{"embeddable":true,"href":"https:\/\/eterle.cz\/eshop\/wp-json\/wp\/v2\/media\/15208"}],"wp:attachment":[{"href":"https:\/\/eterle.cz\/eshop\/wp-json\/wp\/v2\/media?parent=15822"}],"wp:term":[{"taxonomy":"product_brand","embeddable":true,"href":"https:\/\/eterle.cz\/eshop\/wp-json\/wp\/v2\/product_brand?post=15822"},{"taxonomy":"product_cat","embeddable":true,"href":"https:\/\/eterle.cz\/eshop\/wp-json\/wp\/v2\/product_cat?post=15822"},{"taxonomy":"product_tag","embeddable":true,"href":"https:\/\/eterle.cz\/eshop\/wp-json\/wp\/v2\/product_tag?post=15822"}],"curies":[{"name":"wp","href":"https:\/\/api.w.org\/{rel}","templated":true}]}}