{"id":15823,"date":"2023-10-20T20:31:07","date_gmt":"2023-10-20T18:31:07","guid":{"rendered":"https:\/\/eterle.cz\/eshop\/produkt\/sada-6-sklenic-culbuto-na-whisky-moser\/"},"modified":"2025-12-15T00:33:32","modified_gmt":"2025-12-14T23:33:32","slug":"sada-6-sklenic-culbuto-na-whisky-moser","status":"publish","type":"product","link":"https:\/\/eterle.cz\/eshop\/produkt\/sada-6-sklenic-culbuto-na-whisky-moser\/","title":{"rendered":"Sada 6 sklenic Culbuto na whisky \/ Moser"},"content":{"rendered":"<p>Ladn\u00e1 souprava Culbuto z roku 1935, jej\u00ed\u017e tvar reprezentuje funkcionalismus. Design\u00e9r Rudolf Eschler se p\u0159i jej\u00edm n\u00e1vrhu nechal inspirovat klasickou hra\u010dkou: postavi\u010dkou s n\u00edzko polo\u017een\u00fdm t\u011b\u017ei\u0161t\u011bm, kter\u00e1 se v\u017edy vrac\u00ed do vzp\u0159\u00edmen\u00e9 polohy. Eschler pat\u0159il ve 30. letech minul\u00e9ho stolet\u00ed k nej\u00fasp\u011b\u0161n\u011bj\u0161\u00edm moserovsk\u00fdm design\u00e9r\u016fm. Jeho vzory se dok\u00e1zaly v\u00fdrazn\u011b prosadit na sv\u011btov\u00fdch v\u00fdstav\u00e1ch v Chicagu \u010di Bruselu a dodnes z\u00edsk\u00e1vaj\u00ed p\u0159\u00edze\u0148 milovn\u00edk\u016f designov\u00e9ho skla. Sklenice jsou tenkost\u011bnn\u00e9 v jantarov\u00e9 barv\u011b.<\/p>\n<p>Stav: perfektn\u00ed v origin\u00e1l krabici<br \/>\nZna\u010dka: Moser<br \/>\nRozm\u011br<br \/>\nV\u00fd\u0161ka: 9 cm<br \/>\nObjem: 340 ml<\/p>\n","protected":false},"excerpt":{"rendered":"<p>Ladn\u00e1 souprava Culbuto z roku 1935, jej\u00ed\u017e tvar reprezentuje funkcionalismus. Design\u00e9r Rudolf Eschler se p\u0159i jej\u00edm n\u00e1vrhu nechal inspirovat klasickou<\/p>\n","protected":false},"featured_media":15214,"template":"","meta":[],"product_brand":[153],"product_cat":[91],"product_tag":[],"class_list":{"0":"post-15823","1":"product","2":"type-product","3":"status-publish","4":"has-post-thumbnail","6":"product_brand-eterle-cz","7":"product_cat-prodane","9":"first","10":"outofstock","11":"purchasable","12":"product-type-simple"},"_links":{"self":[{"href":"https:\/\/eterle.cz\/eshop\/wp-json\/wp\/v2\/product\/15823","targetHints":{"allow":["GET"]}}],"collection":[{"href":"https:\/\/eterle.cz\/eshop\/wp-json\/wp\/v2\/product"}],"about":[{"href":"https:\/\/eterle.cz\/eshop\/wp-json\/wp\/v2\/types\/product"}],"version-history":[{"count":1,"href":"https:\/\/eterle.cz\/eshop\/wp-json\/wp\/v2\/product\/15823\/revisions"}],"predecessor-version":[{"id":26304,"href":"https:\/\/eterle.cz\/eshop\/wp-json\/wp\/v2\/product\/15823\/revisions\/26304"}],"wp:featuredmedia":[{"embeddable":true,"href":"https:\/\/eterle.cz\/eshop\/wp-json\/wp\/v2\/media\/15214"}],"wp:attachment":[{"href":"https:\/\/eterle.cz\/eshop\/wp-json\/wp\/v2\/media?parent=15823"}],"wp:term":[{"taxonomy":"product_brand","embeddable":true,"href":"https:\/\/eterle.cz\/eshop\/wp-json\/wp\/v2\/product_brand?post=15823"},{"taxonomy":"product_cat","embeddable":true,"href":"https:\/\/eterle.cz\/eshop\/wp-json\/wp\/v2\/product_cat?post=15823"},{"taxonomy":"product_tag","embeddable":true,"href":"https:\/\/eterle.cz\/eshop\/wp-json\/wp\/v2\/product_tag?post=15823"}],"curies":[{"name":"wp","href":"https:\/\/api.w.org\/{rel}","templated":true}]}}