{"id":15824,"date":"2023-10-20T20:31:13","date_gmt":"2023-10-20T18:31:13","guid":{"rendered":"https:\/\/eterle.cz\/eshop\/produkt\/sklenice-na-vino-moser\/"},"modified":"2025-02-16T02:53:01","modified_gmt":"2025-02-16T01:53:01","slug":"sklenice-na-vino-moser","status":"publish","type":"product","link":"https:\/\/eterle.cz\/eshop\/produkt\/sklenice-na-vino-moser\/","title":{"rendered":"Sklenice na v\u00edno \/ Moser"},"content":{"rendered":"<p>N\u00e1dhern\u00e1 sklenice na \u010derven\u00e9 v\u00edno z \u0159ady Diplomat od Moseru v barv\u011b eldor (\u017elut\u00e1). Klasick\u00fd moserovsk\u00fd brus s vemi \u010dlen\u011bnou stopkou.<\/p>\n<p>Stav: perfektn\u00ed, origin\u00e1l \u0161t\u00edtky<br \/>\nZna\u010dka: Moser<br \/>\nRozm\u011br<br \/>\nV\u00fd\u0161ka: 18,5 cm<br \/>\nObjem: 150 ml<\/p>\n","protected":false},"excerpt":{"rendered":"<p>N\u00e1dhern\u00e1 sklenice na \u010derven\u00e9 v\u00edno z \u0159ady Diplomat od Moseru v barv\u011b eldor (\u017elut\u00e1). Klasick\u00fd moserovsk\u00fd brus s vemi \u010dlen\u011bnou<\/p>\n","protected":false},"featured_media":15219,"template":"","meta":[],"product_brand":[153],"product_cat":[91],"product_tag":[],"class_list":{"0":"post-15824","1":"product","2":"type-product","3":"status-publish","4":"has-post-thumbnail","6":"product_brand-eterle-cz","7":"product_cat-prodane","9":"first","10":"outofstock","11":"purchasable","12":"product-type-simple"},"_links":{"self":[{"href":"https:\/\/eterle.cz\/eshop\/wp-json\/wp\/v2\/product\/15824","targetHints":{"allow":["GET"]}}],"collection":[{"href":"https:\/\/eterle.cz\/eshop\/wp-json\/wp\/v2\/product"}],"about":[{"href":"https:\/\/eterle.cz\/eshop\/wp-json\/wp\/v2\/types\/product"}],"version-history":[{"count":0,"href":"https:\/\/eterle.cz\/eshop\/wp-json\/wp\/v2\/product\/15824\/revisions"}],"wp:featuredmedia":[{"embeddable":true,"href":"https:\/\/eterle.cz\/eshop\/wp-json\/wp\/v2\/media\/15219"}],"wp:attachment":[{"href":"https:\/\/eterle.cz\/eshop\/wp-json\/wp\/v2\/media?parent=15824"}],"wp:term":[{"taxonomy":"product_brand","embeddable":true,"href":"https:\/\/eterle.cz\/eshop\/wp-json\/wp\/v2\/product_brand?post=15824"},{"taxonomy":"product_cat","embeddable":true,"href":"https:\/\/eterle.cz\/eshop\/wp-json\/wp\/v2\/product_cat?post=15824"},{"taxonomy":"product_tag","embeddable":true,"href":"https:\/\/eterle.cz\/eshop\/wp-json\/wp\/v2\/product_tag?post=15824"}],"curies":[{"name":"wp","href":"https:\/\/api.w.org\/{rel}","templated":true}]}}