{"id":15826,"date":"2023-10-20T20:31:23","date_gmt":"2023-10-20T18:31:23","guid":{"rendered":"https:\/\/eterle.cz\/eshop\/produkt\/brouseny-kosik\/"},"modified":"2025-11-09T00:34:57","modified_gmt":"2025-11-08T23:34:57","slug":"brouseny-kosik","status":"publish","type":"product","link":"https:\/\/eterle.cz\/eshop\/produkt\/brouseny-kosik\/","title":{"rendered":"Brou\u0161en\u00fd ko\u0161\u00edk"},"content":{"rendered":"<p>\u0160estibok\u00fd velk\u00fd ko\u0161\u00edk z lit\u00e9ho skla s dobru\u0161ovan\u00fdmi motivy hv\u011bzdi\u010dek vhodn\u00fd na drobn\u00e9 cukrovinky \u010di na ovoce.<\/p>\n<p>Stav: velmi dobr\u00fd<br \/>\nRozm\u011br<br \/>\nV\u00fd\u0161ka: 18 cm<br \/>\n\u0160\u00ed\u0159ka: 8 cm<br \/>\nHloubka: 9 cm<\/p>\n","protected":false},"excerpt":{"rendered":"<p>\u0160estibok\u00fd velk\u00fd ko\u0161\u00edk z lit\u00e9ho skla s dobru\u0161ovan\u00fdmi motivy hv\u011bzdi\u010dek vhodn\u00fd na drobn\u00e9 cukrovinky \u010di na ovoce. Stav: velmi dobr\u00fd<\/p>\n","protected":false},"featured_media":15230,"template":"","meta":[],"product_brand":[153],"product_cat":[91],"product_tag":[],"class_list":{"0":"post-15826","1":"product","2":"type-product","3":"status-publish","4":"has-post-thumbnail","6":"product_brand-eterle-cz","7":"product_cat-prodane","9":"first","10":"outofstock","11":"purchasable","12":"product-type-simple"},"_links":{"self":[{"href":"https:\/\/eterle.cz\/eshop\/wp-json\/wp\/v2\/product\/15826","targetHints":{"allow":["GET"]}}],"collection":[{"href":"https:\/\/eterle.cz\/eshop\/wp-json\/wp\/v2\/product"}],"about":[{"href":"https:\/\/eterle.cz\/eshop\/wp-json\/wp\/v2\/types\/product"}],"version-history":[{"count":1,"href":"https:\/\/eterle.cz\/eshop\/wp-json\/wp\/v2\/product\/15826\/revisions"}],"predecessor-version":[{"id":26303,"href":"https:\/\/eterle.cz\/eshop\/wp-json\/wp\/v2\/product\/15826\/revisions\/26303"}],"wp:featuredmedia":[{"embeddable":true,"href":"https:\/\/eterle.cz\/eshop\/wp-json\/wp\/v2\/media\/15230"}],"wp:attachment":[{"href":"https:\/\/eterle.cz\/eshop\/wp-json\/wp\/v2\/media?parent=15826"}],"wp:term":[{"taxonomy":"product_brand","embeddable":true,"href":"https:\/\/eterle.cz\/eshop\/wp-json\/wp\/v2\/product_brand?post=15826"},{"taxonomy":"product_cat","embeddable":true,"href":"https:\/\/eterle.cz\/eshop\/wp-json\/wp\/v2\/product_cat?post=15826"},{"taxonomy":"product_tag","embeddable":true,"href":"https:\/\/eterle.cz\/eshop\/wp-json\/wp\/v2\/product_tag?post=15826"}],"curies":[{"name":"wp","href":"https:\/\/api.w.org\/{rel}","templated":true}]}}