{"id":15830,"date":"2023-10-20T20:31:47","date_gmt":"2023-10-20T18:31:47","guid":{"rendered":"https:\/\/eterle.cz\/eshop\/produkt\/karafa-typ-moser\/"},"modified":"2025-02-16T02:52:21","modified_gmt":"2025-02-16T01:52:21","slug":"karafa-typ-moser","status":"publish","type":"product","link":"https:\/\/eterle.cz\/eshop\/produkt\/karafa-typ-moser\/","title":{"rendered":"Karafa typ Moser"},"content":{"rendered":"<p>T\u011b\u017ek\u00e1 karafa na lik\u00e9r ve stylu Moser.<\/p>\n<p>Stav: velmi dobr\u00fd<br \/>\nRozm\u011br<br \/>\nV\u00fd\u0161ka: 25,5 cm<br \/>\nObjem: 550 ml<\/p>\n","protected":false},"excerpt":{"rendered":"<p>T\u011b\u017ek\u00e1 karafa na lik\u00e9r ve stylu Moser. Stav: velmi dobr\u00fd Rozm\u011br V\u00fd\u0161ka: 25,5 cm Objem: 550 ml<\/p>\n","protected":false},"featured_media":15253,"template":"","meta":[],"product_brand":[153],"product_cat":[91],"product_tag":[],"class_list":{"0":"post-15830","1":"product","2":"type-product","3":"status-publish","4":"has-post-thumbnail","6":"product_brand-eterle-cz","7":"product_cat-prodane","9":"first","10":"outofstock","11":"purchasable","12":"product-type-simple"},"_links":{"self":[{"href":"https:\/\/eterle.cz\/eshop\/wp-json\/wp\/v2\/product\/15830","targetHints":{"allow":["GET"]}}],"collection":[{"href":"https:\/\/eterle.cz\/eshop\/wp-json\/wp\/v2\/product"}],"about":[{"href":"https:\/\/eterle.cz\/eshop\/wp-json\/wp\/v2\/types\/product"}],"version-history":[{"count":0,"href":"https:\/\/eterle.cz\/eshop\/wp-json\/wp\/v2\/product\/15830\/revisions"}],"wp:featuredmedia":[{"embeddable":true,"href":"https:\/\/eterle.cz\/eshop\/wp-json\/wp\/v2\/media\/15253"}],"wp:attachment":[{"href":"https:\/\/eterle.cz\/eshop\/wp-json\/wp\/v2\/media?parent=15830"}],"wp:term":[{"taxonomy":"product_brand","embeddable":true,"href":"https:\/\/eterle.cz\/eshop\/wp-json\/wp\/v2\/product_brand?post=15830"},{"taxonomy":"product_cat","embeddable":true,"href":"https:\/\/eterle.cz\/eshop\/wp-json\/wp\/v2\/product_cat?post=15830"},{"taxonomy":"product_tag","embeddable":true,"href":"https:\/\/eterle.cz\/eshop\/wp-json\/wp\/v2\/product_tag?post=15830"}],"curies":[{"name":"wp","href":"https:\/\/api.w.org\/{rel}","templated":true}]}}