{"id":15831,"date":"2023-10-20T20:31:51","date_gmt":"2023-10-20T18:31:51","guid":{"rendered":"https:\/\/eterle.cz\/eshop\/produkt\/sada-sklenic-na-vodu-pro-4\/"},"modified":"2025-02-16T02:52:20","modified_gmt":"2025-02-16T01:52:20","slug":"sada-sklenic-na-vodu-pro-4","status":"publish","type":"product","link":"https:\/\/eterle.cz\/eshop\/produkt\/sada-sklenic-na-vodu-pro-4\/","title":{"rendered":"Sada sklenic na vodu pro 4"},"content":{"rendered":"<p>Tenkost\u011bnn\u00e9 sklenice na vodu v p\u0159\u00edjemn\u00e9 velikosti a tvaru do ruky. Jemn\u00e9 brou\u0161en\u00e9 zdoben\u00ed s v\u00fdraznou zlatou linkou jim dod\u00e1v\u00e1 na eleganci.<\/p>\n<p>Stav: velmi dobr\u00fd<br \/>\nRozm\u011br<br \/>\nV\u00fd\u0161ka: 9,5 cm<br \/>\nObjem: 250 ml (po okraj)<\/p>\n","protected":false},"excerpt":{"rendered":"<p>Tenkost\u011bnn\u00e9 sklenice na vodu v p\u0159\u00edjemn\u00e9 velikosti a tvaru do ruky. Jemn\u00e9 brou\u0161en\u00e9 zdoben\u00ed s v\u00fdraznou zlatou linkou jim dod\u00e1v\u00e1<\/p>\n","protected":false},"featured_media":15258,"template":"","meta":[],"product_brand":[153],"product_cat":[91],"product_tag":[],"class_list":{"0":"post-15831","1":"product","2":"type-product","3":"status-publish","4":"has-post-thumbnail","6":"product_brand-eterle-cz","7":"product_cat-prodane","9":"first","10":"outofstock","11":"purchasable","12":"product-type-simple"},"_links":{"self":[{"href":"https:\/\/eterle.cz\/eshop\/wp-json\/wp\/v2\/product\/15831","targetHints":{"allow":["GET"]}}],"collection":[{"href":"https:\/\/eterle.cz\/eshop\/wp-json\/wp\/v2\/product"}],"about":[{"href":"https:\/\/eterle.cz\/eshop\/wp-json\/wp\/v2\/types\/product"}],"version-history":[{"count":0,"href":"https:\/\/eterle.cz\/eshop\/wp-json\/wp\/v2\/product\/15831\/revisions"}],"wp:featuredmedia":[{"embeddable":true,"href":"https:\/\/eterle.cz\/eshop\/wp-json\/wp\/v2\/media\/15258"}],"wp:attachment":[{"href":"https:\/\/eterle.cz\/eshop\/wp-json\/wp\/v2\/media?parent=15831"}],"wp:term":[{"taxonomy":"product_brand","embeddable":true,"href":"https:\/\/eterle.cz\/eshop\/wp-json\/wp\/v2\/product_brand?post=15831"},{"taxonomy":"product_cat","embeddable":true,"href":"https:\/\/eterle.cz\/eshop\/wp-json\/wp\/v2\/product_cat?post=15831"},{"taxonomy":"product_tag","embeddable":true,"href":"https:\/\/eterle.cz\/eshop\/wp-json\/wp\/v2\/product_tag?post=15831"}],"curies":[{"name":"wp","href":"https:\/\/api.w.org\/{rel}","templated":true}]}}