{"id":15832,"date":"2023-10-20T20:31:56","date_gmt":"2023-10-20T18:31:56","guid":{"rendered":"https:\/\/eterle.cz\/eshop\/produkt\/dve-sklenice-typ-moser\/"},"modified":"2025-02-16T02:52:20","modified_gmt":"2025-02-16T01:52:20","slug":"dve-sklenice-typ-moser","status":"publish","type":"product","link":"https:\/\/eterle.cz\/eshop\/produkt\/dve-sklenice-typ-moser\/","title":{"rendered":"Dv\u011b sklenice typ Moser"},"content":{"rendered":"<p>Dv\u011b sklenice ve stylu Moser pro romantick\u00fd ve\u010der ve dvou.<\/p>\n<p>Stav: velmi dobr\u00fd<br \/>\nRozm\u011br<br \/>\nV\u00fd\u0161ka: 17,5 cm<br \/>\nObjem: 150 ml (po okraj)<\/p>\n","protected":false},"excerpt":{"rendered":"<p>Dv\u011b sklenice ve stylu Moser pro romantick\u00fd ve\u010der ve dvou. Stav: velmi dobr\u00fd Rozm\u011br V\u00fd\u0161ka: 17,5 cm Objem: 150 ml<\/p>\n","protected":false},"featured_media":15262,"template":"","meta":[],"product_brand":[153],"product_cat":[91],"product_tag":[],"class_list":{"0":"post-15832","1":"product","2":"type-product","3":"status-publish","4":"has-post-thumbnail","6":"product_brand-eterle-cz","7":"product_cat-prodane","9":"first","10":"outofstock","11":"purchasable","12":"product-type-simple"},"_links":{"self":[{"href":"https:\/\/eterle.cz\/eshop\/wp-json\/wp\/v2\/product\/15832","targetHints":{"allow":["GET"]}}],"collection":[{"href":"https:\/\/eterle.cz\/eshop\/wp-json\/wp\/v2\/product"}],"about":[{"href":"https:\/\/eterle.cz\/eshop\/wp-json\/wp\/v2\/types\/product"}],"version-history":[{"count":0,"href":"https:\/\/eterle.cz\/eshop\/wp-json\/wp\/v2\/product\/15832\/revisions"}],"wp:featuredmedia":[{"embeddable":true,"href":"https:\/\/eterle.cz\/eshop\/wp-json\/wp\/v2\/media\/15262"}],"wp:attachment":[{"href":"https:\/\/eterle.cz\/eshop\/wp-json\/wp\/v2\/media?parent=15832"}],"wp:term":[{"taxonomy":"product_brand","embeddable":true,"href":"https:\/\/eterle.cz\/eshop\/wp-json\/wp\/v2\/product_brand?post=15832"},{"taxonomy":"product_cat","embeddable":true,"href":"https:\/\/eterle.cz\/eshop\/wp-json\/wp\/v2\/product_cat?post=15832"},{"taxonomy":"product_tag","embeddable":true,"href":"https:\/\/eterle.cz\/eshop\/wp-json\/wp\/v2\/product_tag?post=15832"}],"curies":[{"name":"wp","href":"https:\/\/api.w.org\/{rel}","templated":true}]}}